{"id":16,"date":"2023-11-09T13:02:27","date_gmt":"2023-11-09T13:02:27","guid":{"rendered":"https:\/\/smilepraxis.wpenginepowered.com\/?page_id=16"},"modified":"2025-10-20T13:43:59","modified_gmt":"2025-10-20T13:43:59","slug":"homepage","status":"publish","type":"page","link":"https:\/\/smilepraxis.ch\/de\/","title":{"rendered":"Homepage"},"content":{"rendered":"\n<section class=\"block-header-block\">\n        <div class=\"container position-relative\">\n        <div class=\"row row-eq-height\">\n            <div class=\"col-12 my-auto text-md-start text-center order-md-1 order-2\">\n                <p class=\"subtitle mt-md-0 mt-4\">SMILEPRAXIS ZAHNARZTPRAXIS<\/p>                <h1 class=\"mt-md-0 mt-4\">Ihr Zahnarzt Chur &amp; Zahnarzt Malans<\/h1>\n                                                    <div class=\"row mt-5\">\n                        <div class=\"col-md col-12\">\n                                                                                                                    <a class=\"btn btn-lightgrey\" href=\"\/de\/kontakt\/\">JETZT TERMIN VEREINBAREN<\/a>\n                                                                                                                    <a class=\"btn btn-yellow\" href=\"tel:+41813224000\">CHUR &#8211; 081 322 40 00<\/a>\n                                                                                                                    <a class=\"btn btn-yellow\" href=\"tel:+41815254570\">MALANS &#8211; 081 525 45 70<\/a>\n                                                                                                            <\/div>\n                        <div class=\"col-md col-12 text-md-end\">\n                            <a href=\"\/de\/bewertungen-zahnarzt\/\" class=\"btn btn-lightgrey btn-rating\">4.9 \u2b50\u2b50\u2b50\u2b50\u2b50<\/a>\n                        <\/div>\n                    <\/div>\n                            <\/div>\n        <\/div>\n    <\/div>\n    <img decoding=\"async\" src=\"https:\/\/smilepraxis.ch\/wp-content\/uploads\/2025\/04\/Zahnarzt-Chur-SmilePraxis.png\" class=\"block-bg\">\n<\/section>\n\n\n<section class=\"block-icon-box\">\n    <div class=\"container\">\n        <div class=\"row\">\n            <div class=\"col-12\">\n                <h2>Wie k\u00f6nnen wir Ihnen helfen?<\/h2>\n                <p>Unsere verwendeten Methoden und Materialien sind alle auf dem neusten Stand der Zahnmedizin, egal ob bei Ihnen eine Dentalhygiene oder eine gr\u00f6ssere Implantatbehandlung durchgef\u00fchrt wird. Wir behandeln Sie kompetent und zuverl\u00e4ssig.<\/p>\n            <\/div>\n        <\/div>\n        <div class=\"row row-eq-height justify-content-center mt-4\">\n                        <div class=\"col-xl-3 col-lg-6 col-md-6 col-12 mb-4\">\n                <a class=\"col-content\" href=\"\/de\/behandlungen\/notfallzahnarzt\/\">\n                    <img decoding=\"async\" src=\"https:\/\/smilepraxis.ch\/wp-content\/uploads\/2023\/11\/zahnunfall.png\" class=\"box-icon\">\n                    <h3>Notfall Zahnarzt<\/h3>\n                    <p>Bei Zahnschmerzen &amp; Unf\u00e4llen<\/p>\n                <\/a>\n            <\/div>\n                        <div class=\"col-xl-3 col-lg-6 col-md-6 col-12 mb-4\">\n                <a class=\"col-content\" href=\"\/de\/behandlungen\/zahnimplantate\/\">\n                    <img decoding=\"async\" src=\"https:\/\/smilepraxis.ch\/wp-content\/uploads\/2023\/11\/Screw.png\" class=\"box-icon\">\n                    <h3>Zahnimplantate<\/h3>\n                    <p>Herausragende Funktion, \u00c4sthetik und Lebensqualit\u00e4t<\/p>\n                <\/a>\n            <\/div>\n                        <div class=\"col-xl-3 col-lg-6 col-md-6 col-12 mb-4\">\n                <a class=\"col-content\" href=\"\/de\/behandlungen\/kieferorthopadie\/\">\n                    <img decoding=\"async\" src=\"https:\/\/smilepraxis.ch\/wp-content\/uploads\/2023\/11\/kieferorthopadie-1.png\" class=\"box-icon\">\n                    <h3>Kieferorthop\u00e4die<\/h3>\n                    <p>F\u00fcr verbesserte Funktion &amp; \u00c4sthetik<\/p>\n                <\/a>\n            <\/div>\n                        <div class=\"col-xl-3 col-lg-6 col-md-6 col-12 mb-4\">\n                <a class=\"col-content\" href=\"\/de\/behandlungen\/kinderzahnmedizin\/\">\n                    <img decoding=\"async\" src=\"https:\/\/smilepraxis.ch\/wp-content\/uploads\/2023\/11\/kinder-jugendzahnmedizin-2.png\" class=\"box-icon\">\n                    <h3>Kinder- &amp; Jugendzahnmedizin<\/h3>\n                    <p>Je fr\u00fcher, desto besser<\/p>\n                <\/a>\n            <\/div>\n                        <div class=\"col-xl-3 col-lg-6 col-md-6 col-12 mb-4\">\n                <a class=\"col-content\" href=\"\/de\/behandlungen\/aesthetische-zahnmedizin\/\">\n                    <img decoding=\"async\" src=\"https:\/\/smilepraxis.ch\/wp-content\/uploads\/2023\/11\/asthetische-zahnmedizin-1.png\" class=\"box-icon\">\n                    <h3>\u00c4sthetische Zahnheilkunde<\/h3>\n                    <p>Der Schl\u00fcssel zu einem sch\u00f6nen L\u00e4cheln<\/p>\n                <\/a>\n            <\/div>\n                        <div class=\"col-xl-3 col-lg-6 col-md-6 col-12 mb-4\">\n                <a class=\"col-content\" href=\"\/de\/behandlungen\/dentalhygiene\/\">\n                    <img decoding=\"async\" src=\"https:\/\/smilepraxis.ch\/wp-content\/uploads\/2024\/11\/dental.png\" class=\"box-icon\">\n                    <h3>Dentalhygiene<\/h3>\n                    <p>Pr\u00e4vention geht vor Reparieren<\/p>\n                <\/a>\n            <\/div>\n                        <div class=\"col-xl-3 col-lg-6 col-md-6 col-12 mb-4\">\n                <a class=\"col-content\" href=\"\/de\/behandlungen\/zahnaufhellung\/\">\n                    <img decoding=\"async\" src=\"https:\/\/smilepraxis.ch\/wp-content\/uploads\/2024\/11\/zahnaufhellung.png\" class=\"box-icon\">\n                    <h3>Zahnaufhellung <\/h3>\n                    <p>Zeigen Sie Ihr strahlend sch\u00f6nes Lachen <\/p>\n                <\/a>\n            <\/div>\n                        <div class=\"col-xl-3 col-lg-6 col-md-6 col-12 mb-4\">\n                <a class=\"col-content\" href=\"\/de\/behandlungen\/\">\n                    <img decoding=\"async\" src=\"https:\/\/smilepraxis.ch\/wp-content\/uploads\/2023\/11\/Teeth.png\" class=\"box-icon\">\n                    <h3>Alle Behandlungen<\/h3>\n                    <p>Zu allen Behandlungen<\/p>\n                <\/a>\n            <\/div>\n                    <\/div>\n                <div class=\"row\">\n            <div class=\"col-12 text-center\">\n                            <a class=\"btn btn-yellow\" href=\"\/de\/behandlungen\/\">ZU ALLEN BEHANDLUNGEN<\/a>\n                        <\/div>\n        <\/div>\n            <\/div>\n<\/section>\n\n<section class=\"block-two-col-box\">\n    <div class=\"container-fluid g-0\">\n        <div class=\"row row-eq-height g-0\">\n                        <div class=\"col-md-6 col-12\">\n                <a class=\"col-content\" href=\"\/de\/zahnarzt-chur\/\">\n                    <p class=\"subtitle\">CHUR UND REGION<\/p>                    <h2>Zahnarzt Chur<\/h2>\n                    <img decoding=\"async\" src=\"https:\/\/smilepraxis.ch\/wp-content\/uploads\/2025\/03\/smilepraxis-chur-1.jpg\">\n                <\/a>\n            <\/div>\n                        <div class=\"col-md-6 col-12\">\n                <a class=\"col-content\" href=\"\/de\/zahnarzt-malans\/\">\n                    <p class=\"subtitle\">MALANS UND LANDQUART<\/p>                    <h2>Zahnarzt Malans<\/h2>\n                    <img decoding=\"async\" src=\"https:\/\/smilepraxis.ch\/wp-content\/uploads\/2023\/11\/Rectangle-7.jpg\">\n                <\/a>\n            <\/div>\n                    <\/div>\n    <\/div>\n<\/section>\n\n<section class=\"block-cta-block\">\n    <div class=\"container position-relative\">\n        <div class=\"row row-eq-height\">\n            <div class=\"col-md-8 col-12 my-auto\">\n                <h2>Reservieren Sie sich Ihren pers\u00f6nlichen Zahnarzttermin<\/h2>\n                                                <div class=\"mt-5\">                                    <a class=\"btn btn-yellow\" href=\"\/de\/kontakt\/\">TERMIN VEREINBAREN<\/a>\n                                    <a class=\"btn btn-lightyellow\" href=\"\/de\/onlinebuchung\/\">ZUR ONLINEBUCHUNG<\/a>\n                                <\/div>                            <\/div>\n            <div class=\"col-md-4 col-12\">\n                                <img decoding=\"async\" src=\"\" width=\"100%\">\n            <\/div>\n        <\/div>\n    <\/div>\n<\/section>\n\n\n<section class=\"block-three-col-text\">\n    <div class=\"container\">\n        <div class=\"row\">\n            <div class=\"col-12\">\n                <h2>Sichere und freundliche Zahnmedizin<\/h2>\n            <\/div>\n        <\/div>\n        <div class=\"row row-eq-height\">\n                        <div class=\"col-md-4 col-12\">\n                <div class=\"col-content\">\n                    <h3>Zahnarztpraxis 2.0<\/h3>\n                    <p>SmilePraxis bietet das gesamte Spektrum der Zahnmedizin an. Egal ob Sie einen Zahnunfall hatten, eine Zahnspange, Implantate, Zahnkontrolle und Dentalhygiene w\u00fcnschen, wir sind f\u00fcr Sie da. Unter der Woche haben wir f\u00fcr Sie durchgehend von 07:00 bis 20:00 ge\u00f6ffnet, samstags sind unsere Praxen in Chur und Malans von 9:00 bis 16:00 offen. Bei uns k\u00f6nnen Sie die modernste Zahnmedizin und modernsten Techniken erwarten. Willkommen in unseren sch\u00f6nen Praxen und lassen Sie sich von unserem Team umsorgen.<\/p>\n                    <a href=\"\/de\/behandlungen\/\" class=\"btn btn-blue\">MEHR LESEN<\/a>\n                <\/div>\n            <\/div>\n                        <div class=\"col-md-4 col-12\">\n                <div class=\"col-content\">\n                    <h3>Bis <span style=\"text-decoration: line-through\">bald<\/span> wieder<\/h3>\n                    <p>Obwohl wir Sie gerne treffen, ist es unser Ziel, dass es nicht allzu oft vorkommt. Unsere Arbeitsweise ist pr\u00e4ventiv und langfristig angelegt, um das Risiko von Komplikationen und ungewollten R\u00fcckbesuchen zu minimieren. Deshalb legen wir grossen Wert auf Qualit\u00e4t und versprechen, bei der zahnmedizinischen Kompetenz und Behandlung keine Kompromisse einzugehen. Um gr\u00f6ssere Probleme zu vermeiden empfehlen wir regelm\u00e4ssige (j\u00e4hrliche) Zahnkontrollen und prophylaktische Dentalhygiene.<\/p>\n                    <a href=\"\/de\/behandlungen\/\" class=\"btn btn-blue\">MEHR LESEN<\/a>\n                <\/div>\n            <\/div>\n                        <div class=\"col-md-4 col-12\">\n                <div class=\"col-content\">\n                    <h3>Angst vor dem Zahnarzt?<\/h3>\n                    <p>Unwohlsein vor dem Zahnarzttermin kommt h\u00e4ufig vor und ist kein Grund, sich zu sch\u00e4men. Im Gegenteil, teilen Sie uns dies bitte bei der Buchung mit \u2013 und wir werden den Besuch entsprechend f\u00fcr Sie anpassen. Wenn n\u00f6tig, bieten wir auch Lachgas oder Vollnarkose an. Unsere Zahn\u00e4rzte haben alle Erfahrung im Umgang mit Patienten mit Zahnarztangst.<\/p>\n                    <a href=\"\/de\/behandlungen\/zahnarztangst\/\" class=\"btn btn-blue\">MEHR LESEN<\/a>\n                <\/div>\n            <\/div>\n                    <\/div>\n    <\/div>\n<\/section>","protected":false},"excerpt":{"rendered":"","protected":false},"author":2,"featured_media":0,"parent":0,"menu_order":0,"comment_status":"closed","ping_status":"closed","template":"","meta":{"_acf_changed":false,"footnotes":""},"class_list":["post-16","page","type-page","status-publish","hentry"],"acf":[],"yoast_head":"<!-- This site is optimized with the Yoast SEO plugin v26.1.1 - https:\/\/yoast.com\/wordpress\/plugins\/seo\/ -->\n<title>Zahnarzt Chur &amp; Zahnarzt Malans-Landquart - SmilePraxis<\/title>\n<meta name=\"description\" content=\"Unsere Zahnarztpraxis SmilePraxis finden Sie einmal in Chur und einmal in Malans. Wir betreuen auch Patienten von Landquart, Schiers oder Klosters!\" \/>\n<meta name=\"robots\" content=\"index, follow, max-snippet:-1, max-image-preview:large, max-video-preview:-1\" \/>\n<link rel=\"canonical\" href=\"https:\/\/smilepraxis.ch\/de\/\" \/>\n<meta property=\"og:locale\" content=\"de_DE\" \/>\n<meta property=\"og:type\" content=\"article\" \/>\n<meta property=\"og:title\" content=\"Zahnarzt Chur &amp; Zahnarzt Malans-Landquart - SmilePraxis\" \/>\n<meta property=\"og:description\" content=\"Unsere Zahnarztpraxis SmilePraxis finden Sie einmal in Chur und einmal in Malans. Wir betreuen auch Patienten von Landquart, Schiers oder Klosters!\" \/>\n<meta property=\"og:url\" content=\"https:\/\/smilepraxis.ch\/de\/\" \/>\n<meta property=\"og:site_name\" content=\"SmilePraxis\" \/>\n<meta property=\"article:publisher\" content=\"https:\/\/www.facebook.com\/smilepraxis\" \/>\n<meta property=\"article:modified_time\" content=\"2025-10-20T13:43:59+00:00\" \/>\n<meta name=\"twitter:card\" content=\"summary_large_image\" \/>\n<script type=\"application\/ld+json\" class=\"yoast-schema-graph\">{\"@context\":\"https:\/\/schema.org\",\"@graph\":[{\"@type\":\"WebPage\",\"@id\":\"https:\/\/smilepraxis.ch\/de\/\",\"url\":\"https:\/\/smilepraxis.ch\/de\/\",\"name\":\"Zahnarzt Chur & Zahnarzt Malans-Landquart - SmilePraxis\",\"isPartOf\":{\"@id\":\"https:\/\/smilepraxis.ch\/de\/#website\"},\"datePublished\":\"2023-11-09T13:02:27+00:00\",\"dateModified\":\"2025-10-20T13:43:59+00:00\",\"description\":\"Unsere Zahnarztpraxis SmilePraxis finden Sie einmal in Chur und einmal in Malans. Wir betreuen auch Patienten von Landquart, Schiers oder Klosters!\",\"breadcrumb\":{\"@id\":\"https:\/\/smilepraxis.ch\/de\/#breadcrumb\"},\"inLanguage\":\"de-CH\",\"potentialAction\":[{\"@type\":\"ReadAction\",\"target\":[\"https:\/\/smilepraxis.ch\/de\/\"]}]},{\"@type\":\"BreadcrumbList\",\"@id\":\"https:\/\/smilepraxis.ch\/de\/#breadcrumb\",\"itemListElement\":[{\"@type\":\"ListItem\",\"position\":1,\"name\":\"Home\",\"item\":\"https:\/\/smilepraxis.ch\/de\/\"},{\"@type\":\"ListItem\",\"position\":2,\"name\":\"Homepage\"}]},{\"@type\":\"WebSite\",\"@id\":\"https:\/\/smilepraxis.ch\/de\/#website\",\"url\":\"https:\/\/smilepraxis.ch\/de\/\",\"name\":\"SmilePraxis\",\"description\":\"\",\"publisher\":{\"@id\":\"https:\/\/smilepraxis.ch\/de\/#organization\"},\"potentialAction\":[{\"@type\":\"SearchAction\",\"target\":{\"@type\":\"EntryPoint\",\"urlTemplate\":\"https:\/\/smilepraxis.ch\/de\/?s={search_term_string}\"},\"query-input\":{\"@type\":\"PropertyValueSpecification\",\"valueRequired\":true,\"valueName\":\"search_term_string\"}}],\"inLanguage\":\"de-CH\"},{\"@type\":\"Organization\",\"@id\":\"https:\/\/smilepraxis.ch\/de\/#organization\",\"name\":\"SmilePraxis\",\"url\":\"https:\/\/smilepraxis.ch\/de\/\",\"logo\":{\"@type\":\"ImageObject\",\"inLanguage\":\"de-CH\",\"@id\":\"https:\/\/smilepraxis.ch\/de\/#\/schema\/logo\/image\/\",\"url\":\"https:\/\/smilepraxis.wpenginepowered.com\/wp-content\/uploads\/2023\/12\/smilepraxis-logo.png\",\"contentUrl\":\"https:\/\/smilepraxis.wpenginepowered.com\/wp-content\/uploads\/2023\/12\/smilepraxis-logo.png\",\"width\":1544,\"height\":346,\"caption\":\"SmilePraxis\"},\"image\":{\"@id\":\"https:\/\/smilepraxis.ch\/de\/#\/schema\/logo\/image\/\"},\"sameAs\":[\"https:\/\/www.facebook.com\/smilepraxis\"]}]}<\/script>\n<!-- \/ Yoast SEO plugin. -->","yoast_head_json":{"title":"Zahnarzt Chur & Zahnarzt Malans-Landquart - SmilePraxis","description":"Unsere Zahnarztpraxis SmilePraxis finden Sie einmal in Chur und einmal in Malans. Wir betreuen auch Patienten von Landquart, Schiers oder Klosters!","robots":{"index":"index","follow":"follow","max-snippet":"max-snippet:-1","max-image-preview":"max-image-preview:large","max-video-preview":"max-video-preview:-1"},"canonical":"https:\/\/smilepraxis.ch\/de\/","og_locale":"de_DE","og_type":"article","og_title":"Zahnarzt Chur & Zahnarzt Malans-Landquart - SmilePraxis","og_description":"Unsere Zahnarztpraxis SmilePraxis finden Sie einmal in Chur und einmal in Malans. Wir betreuen auch Patienten von Landquart, Schiers oder Klosters!","og_url":"https:\/\/smilepraxis.ch\/de\/","og_site_name":"SmilePraxis","article_publisher":"https:\/\/www.facebook.com\/smilepraxis","article_modified_time":"2025-10-20T13:43:59+00:00","twitter_card":"summary_large_image","schema":{"@context":"https:\/\/schema.org","@graph":[{"@type":"WebPage","@id":"https:\/\/smilepraxis.ch\/de\/","url":"https:\/\/smilepraxis.ch\/de\/","name":"Zahnarzt Chur & Zahnarzt Malans-Landquart - SmilePraxis","isPartOf":{"@id":"https:\/\/smilepraxis.ch\/de\/#website"},"datePublished":"2023-11-09T13:02:27+00:00","dateModified":"2025-10-20T13:43:59+00:00","description":"Unsere Zahnarztpraxis SmilePraxis finden Sie einmal in Chur und einmal in Malans. Wir betreuen auch Patienten von Landquart, Schiers oder Klosters!","breadcrumb":{"@id":"https:\/\/smilepraxis.ch\/de\/#breadcrumb"},"inLanguage":"de-CH","potentialAction":[{"@type":"ReadAction","target":["https:\/\/smilepraxis.ch\/de\/"]}]},{"@type":"BreadcrumbList","@id":"https:\/\/smilepraxis.ch\/de\/#breadcrumb","itemListElement":[{"@type":"ListItem","position":1,"name":"Home","item":"https:\/\/smilepraxis.ch\/de\/"},{"@type":"ListItem","position":2,"name":"Homepage"}]},{"@type":"WebSite","@id":"https:\/\/smilepraxis.ch\/de\/#website","url":"https:\/\/smilepraxis.ch\/de\/","name":"SmilePraxis","description":"","publisher":{"@id":"https:\/\/smilepraxis.ch\/de\/#organization"},"potentialAction":[{"@type":"SearchAction","target":{"@type":"EntryPoint","urlTemplate":"https:\/\/smilepraxis.ch\/de\/?s={search_term_string}"},"query-input":{"@type":"PropertyValueSpecification","valueRequired":true,"valueName":"search_term_string"}}],"inLanguage":"de-CH"},{"@type":"Organization","@id":"https:\/\/smilepraxis.ch\/de\/#organization","name":"SmilePraxis","url":"https:\/\/smilepraxis.ch\/de\/","logo":{"@type":"ImageObject","inLanguage":"de-CH","@id":"https:\/\/smilepraxis.ch\/de\/#\/schema\/logo\/image\/","url":"https:\/\/smilepraxis.wpenginepowered.com\/wp-content\/uploads\/2023\/12\/smilepraxis-logo.png","contentUrl":"https:\/\/smilepraxis.wpenginepowered.com\/wp-content\/uploads\/2023\/12\/smilepraxis-logo.png","width":1544,"height":346,"caption":"SmilePraxis"},"image":{"@id":"https:\/\/smilepraxis.ch\/de\/#\/schema\/logo\/image\/"},"sameAs":["https:\/\/www.facebook.com\/smilepraxis"]}]}},"featured_image_src":null,"featured_image_src_square":null,"_links":{"self":[{"href":"https:\/\/smilepraxis.ch\/de\/wp-json\/wp\/v2\/pages\/16","targetHints":{"allow":["GET"]}}],"collection":[{"href":"https:\/\/smilepraxis.ch\/de\/wp-json\/wp\/v2\/pages"}],"about":[{"href":"https:\/\/smilepraxis.ch\/de\/wp-json\/wp\/v2\/types\/page"}],"author":[{"embeddable":true,"href":"https:\/\/smilepraxis.ch\/de\/wp-json\/wp\/v2\/users\/2"}],"replies":[{"embeddable":true,"href":"https:\/\/smilepraxis.ch\/de\/wp-json\/wp\/v2\/comments?post=16"}],"version-history":[{"count":0,"href":"https:\/\/smilepraxis.ch\/de\/wp-json\/wp\/v2\/pages\/16\/revisions"}],"wp:attachment":[{"href":"https:\/\/smilepraxis.ch\/de\/wp-json\/wp\/v2\/media?parent=16"}],"curies":[{"name":"wp","href":"https:\/\/api.w.org\/{rel}","templated":true}]}}