{"id":2197,"date":"2025-09-17T12:28:18","date_gmt":"2025-09-17T12:28:18","guid":{"rendered":"https:\/\/smilepraxis.ch\/de\/?page_id=2197"},"modified":"2025-09-17T12:59:52","modified_gmt":"2025-09-17T12:59:52","slug":"erklaerung-zur-barrierefreiheit","status":"publish","type":"page","link":"https:\/\/smilepraxis.ch\/de\/erklaerung-zur-barrierefreiheit\/","title":{"rendered":"Erkl\u00e4rung zur Barrierefreiheit"},"content":{"rendered":"\n<pre id=\"tw-target-text\" class=\"wp-block-preformatted has-small-font-size\"><strong>Erkl\u00e4rung zur Barrierefreiheit<\/strong>\n\n<strong>Ziel<\/strong>\n\nWir m\u00f6chten, dass m\u00f6glichst viele Menschen unsere digitalen Dienste nutzen k\u00f6nnen.\n\n\u00dcber das auf unserer Website installierte OneTap-Tool k\u00f6nnen Sie Ihr Barrierefreiheitsprofil und Ihre Barrierefreiheitseinstellungen verwalten (Sie erreichen das Tool \u00fcber das Modul unten rechts). \u00dcber das Tool k\u00f6nnen Sie beispielsweise:\n\n- verschiedene Modi aktivieren, z. B. f\u00fcr ADHS, Sehbehinderung, Epilepsie und mehr\n- Texte vergr\u00f6\u00dfern, Zeilenabst\u00e4nde anpassen und mehr\nden Mauszeiger vergr\u00f6\u00dfern\n- Graustufen aktivieren\n- Helligkeit erh\u00f6hen oder verringern\n- Bilder ausblenden\n- Lesemaske und\/oder Lesezeile aktivieren\nund vieles mehr\u2026\n\nWir arbeiten kontinuierlich daran, unsere Website basierend auf den Richtlinien der Web Content Accessibility Guidelines (WCAG) 2.1, Stufe AA, zu verbessern.\n\n<strong>Wie barrierefrei ist die Website?<\/strong>\n\nDiese Website ist teilweise konform mit WCAG 2.1, Stufe AA. Das bedeutet, dass wir viele der Anforderungen erf\u00fcllen, es aber dennoch Teile geben kann, die nicht vollst\u00e4ndig barrierefrei sind.\n\n- Einigen Symbolen und Grafiken fehlt ein geeigneter Alternativtext.\n\n- M\u00f6glicherweise ist das Kontrastverh\u00e4ltnis bei Inhalten zu niedrig.\n\n- Bei Verwendung eines Screenreaders fehlt in einigen Bereichen der Seite die einfache Navigation.\n\nWir arbeiten aktiv an der Behebung dieser M\u00e4ngel und aktualisieren den Bericht, sobald Verbesserungen erzielt werden.\n\n<strong>Was tun wir, um die Barrierefreiheit zu verbessern?<\/strong>\n\nWir haben ein Barrierefreiheits-Audit durchgef\u00fchrt und nutzen Tools wie OneTap und Lighthouse, um L\u00fccken zu identifizieren. Dar\u00fcber hinaus arbeiten wir an:\n\n- Schulungen f\u00fcr Redakteure und Entwickler\n- Text- und Designrichtlinien\n- Tests mit Screenreadern und Tastaturnavigation\n- Kontinuierliche Verbesserung unseres Entwicklungsprozesses\n\n<strong>So arbeiten wir mit technischer Barrierefreiheit<\/strong>\n\nUm sicherzustellen, dass unsere Website f\u00fcr m\u00f6glichst viele Menschen zug\u00e4nglich ist, befolgen wir die Richtlinien der WCAG 2.1 (Level AA). Wir arbeiten aktiv an verschiedenen technischen Aspekten, die f\u00fcr die korrekte Darstellung der Seite f\u00fcr Menschen mit eingeschr\u00e4nkten Funktionen und verschiedenen Arten von Hilfsger\u00e4ten wichtig sind. Hier sind einige Beispiele daf\u00fcr, was wir uns vorgenommen haben \u2013 und was wir st\u00e4ndig \u00fcberpr\u00fcfen:\n\n<strong>- \u00dcberschriftenstruktur und semantisches HTML<\/strong>\n\nWir bem\u00fchen uns, stets korrektes semantisches HTML zu verwenden, um den Inhalten eine klare und logische Struktur zu verleihen. Das bedeutet beispielsweise, dass wir \u00dcberschriften (&lt;h1> bis &lt;h6>) in der richtigen Reihenfolge verwenden, um Screenreadern und anderen Hilfsger\u00e4ten das Verst\u00e4ndnis der Seitenhierarchie zu erleichtern. Wir \u00fcberpr\u00fcfen regelm\u00e4\u00dfig, ob die Struktur durch Aktualisierungen oder neue Inhalte nicht unterbrochen wird.\n\n<strong>- Alternative Texte f\u00fcr Bilder<\/strong>\n\nWir \u00fcberpr\u00fcfen und aktualisieren alle Bilder, um sicherzustellen, dass sie gegebenenfalls beschreibende Alternativtexte enthalten. So stellen wir sicher, dass Besucher mit Screenreadern dieselben Informationen erhalten wie andere. Dekorative Bilder, die keinen Inhalt hinzuf\u00fcgen, werden korrekt markiert, um die Verwendung durch Hilfsger\u00e4te zu vermeiden.\n\n<strong>- Beschriftete Formulare<\/strong>\n\nAlle unsere Formularfelder sind mit klaren Beschriftungen (&lt;label>-Elementen) und Anweisungen versehen, sodass sie auch f\u00fcr Personen ohne Bildschirmsicht nutzbar sind. Wir testen Formulare mit Maus, Tastatur und Screenreader, um Funktionalit\u00e4t und Verst\u00e4ndlichkeit sicherzustellen.\n\n<strong>- Farbe und Kontrast<\/strong>\n\nWir ber\u00fccksichtigen Farbkontraste in unserem Grafikprofil und achten bei der Gestaltung stets auf gute Lesbarkeit. Der Kontrast zwischen Text und Hintergrund wird auf die Einhaltung der WCAG-Mindestanforderungen (4,5:1 f\u00fcr normalen Text und 3:1 f\u00fcr gro\u00dfen Text) gepr\u00fcft. Auch die Stile der Symbole und Schaltfl\u00e4chen werden kontinuierlich \u00fcberpr\u00fcft.\n\n<strong>- Tastaturnavigation<\/strong>\n\nAlle Funktionen und interaktiven Elemente sollten ausschlie\u00dflich \u00fcber die Tastatur erreichbar sein. Wir achten auf eine logische Tab-Reihenfolge und sichtbare Fokusmarkierungen. Dies wird bei jedem Major Release manuell getestet und insbesondere in unseren Formularen und Navigationsmen\u00fcs \u00fcberpr\u00fcft.\n\n<strong>- Screenreader-Unterst\u00fctzung<\/strong>\n\nWir testen die Website regelm\u00e4\u00dfig mit Screenreadern (wie VoiceOver und NVDA), um sicherzustellen, dass Inhalte und Funktionen korrekt interpretiert werden. Wir \u00fcberpr\u00fcfen bei Bedarf die Verwendung von Aria-Attributen und arbeiten an klaren Seitentiteln, Links und Beschreibungen, um das Verst\u00e4ndnis zu verbessern.\n\n<strong>Barrierefreiheitsprobleme melden<\/strong>\n\nWir m\u00f6chten uns verbessern. Sollten Sie Schwierigkeiten bei der Nutzung unserer Website feststellen oder auf Hindernisse sto\u00dfen, informieren Sie uns bitte, damit wir das Problem beheben k\u00f6nnen.\n\nSenden Sie uns eine E-Mail an info@smilepraxis.ch oder f\u00fcllen Sie unser Formular zur Barrierefreiheit unten aus.<\/pre>\n\n\n<style id=\"wpforms-css-vars-root\">\n\t\t\t\t:root {\n\t\t\t\t\t--wpforms-field-border-radius: 3px;\n--wpforms-field-border-style: solid;\n--wpforms-field-border-size: 1px;\n--wpforms-field-background-color: #ffffff;\n--wpforms-field-border-color: rgba( 0, 0, 0, 0.25 );\n--wpforms-field-border-color-spare: rgba( 0, 0, 0, 0.25 );\n--wpforms-field-text-color: rgba( 0, 0, 0, 0.7 );\n--wpforms-field-menu-color: #ffffff;\n--wpforms-label-color: rgba( 0, 0, 0, 0.85 );\n--wpforms-label-sublabel-color: rgba( 0, 0, 0, 0.55 );\n--wpforms-label-error-color: #d63637;\n--wpforms-button-border-radius: 3px;\n--wpforms-button-border-style: none;\n--wpforms-button-border-size: 1px;\n--wpforms-button-background-color: #066aab;\n--wpforms-button-border-color: #066aab;\n--wpforms-button-text-color: #ffffff;\n--wpforms-page-break-color: #066aab;\n--wpforms-background-image: none;\n--wpforms-background-position: center center;\n--wpforms-background-repeat: no-repeat;\n--wpforms-background-size: cover;\n--wpforms-background-width: 100px;\n--wpforms-background-height: 100px;\n--wpforms-background-color: rgba( 0, 0, 0, 0 );\n--wpforms-background-url: none;\n--wpforms-container-padding: 0px;\n--wpforms-container-border-style: none;\n--wpforms-container-border-width: 1px;\n--wpforms-container-border-color: #000000;\n--wpforms-container-border-radius: 3px;\n--wpforms-field-size-input-height: 43px;\n--wpforms-field-size-input-spacing: 15px;\n--wpforms-field-size-font-size: 16px;\n--wpforms-field-size-line-height: 19px;\n--wpforms-field-size-padding-h: 14px;\n--wpforms-field-size-checkbox-size: 16px;\n--wpforms-field-size-sublabel-spacing: 5px;\n--wpforms-field-size-icon-size: 1;\n--wpforms-label-size-font-size: 16px;\n--wpforms-label-size-line-height: 19px;\n--wpforms-label-size-sublabel-font-size: 14px;\n--wpforms-label-size-sublabel-line-height: 17px;\n--wpforms-button-size-font-size: 17px;\n--wpforms-button-size-height: 41px;\n--wpforms-button-size-padding-h: 15px;\n--wpforms-button-size-margin-top: 10px;\n--wpforms-container-shadow-size-box-shadow: none;\n\n\t\t\t\t}\n\t\t\t<\/style><div class=\"wpforms-container wpforms-container-full wpforms-block wpforms-block-aba89276-4dce-4f21-874c-fb340ea174e4 wpforms-render-modern\" id=\"wpforms-2204\"><form id=\"wpforms-form-2204\" class=\"wpforms-validate wpforms-form wpforms-ajax-form\" data-formid=\"2204\" method=\"post\" enctype=\"multipart\/form-data\" action=\"\/de\/wp-json\/wp\/v2\/pages\/2197\" data-token=\"ae025df3cd4ae207393d11853be5b365\" data-token-time=\"1778319511\"><noscript class=\"wpforms-error-noscript\">Bitte aktivieren Sie JavaScript in Ihrem Browser, um dieses Formular fertigzustellen.<\/noscript><div class=\"wpforms-hidden\" id=\"wpforms-error-noscript\">Bitte aktivieren Sie JavaScript in Ihrem Browser, um dieses Formular fertigzustellen.<\/div><div class=\"wpforms-field-container\"><div id=\"wpforms-2204-field_1-container\" class=\"wpforms-field wpforms-field-name wpforms-one-half wpforms-first\" data-field-id=\"1\"><label class=\"wpforms-field-label\" for=\"wpforms-2204-field_1\">Name <span class=\"wpforms-required-label\" aria-hidden=\"true\">*<\/span><\/label><input type=\"text\" id=\"wpforms-2204-field_1\" class=\"wpforms-field-large wpforms-field-required\" name=\"wpforms[fields][1]\" placeholder=\"Enter your name\" aria-errormessage=\"wpforms-2204-field_1-error\" required><\/div><div id=\"wpforms-2204-field_2-container\" class=\"wpforms-field wpforms-field-email wpforms-one-half\" data-field-id=\"2\"><label class=\"wpforms-field-label\" for=\"wpforms-2204-field_2\">E-mail <span class=\"wpforms-required-label\" aria-hidden=\"true\">*<\/span><\/label><input type=\"email\" id=\"wpforms-2204-field_2\" class=\"wpforms-field-large wpforms-field-required\" name=\"wpforms[fields][2]\" placeholder=\"Enter your email\" spellcheck=\"false\" aria-errormessage=\"wpforms-2204-field_2-error\" required><\/div><div id=\"wpforms-2204-field_3-container\" class=\"wpforms-field wpforms-field-textarea\" data-field-id=\"3\"><label class=\"wpforms-field-label\" for=\"wpforms-2204-field_3\">Message <span class=\"wpforms-required-label\" aria-hidden=\"true\">*<\/span><\/label><textarea id=\"wpforms-2204-field_3\" class=\"wpforms-field-large wpforms-field-required\" name=\"wpforms[fields][3]\" placeholder=\"Enter your message here\" aria-errormessage=\"wpforms-2204-field_3-error\" required><\/textarea><\/div><div id=\"wpforms-2204-field_4-container\" class=\"wpforms-field wpforms-field-checkbox\" data-field-id=\"4\"><fieldset><legend class=\"wpforms-field-label\">Consent to the processing of submitted data<\/legend><ul id=\"wpforms-2204-field_4\"><li class=\"choice-1 depth-1\"><input type=\"checkbox\" id=\"wpforms-2204-field_4_1\" name=\"wpforms[fields][4][]\" value=\"I agree to the processing of the submitted data, including the &lt;a href=&quot;https:\/\/smilepraxis.ch\/de\/datenschutz\/&quot;&gt;privacy policy&lt;\/a&gt;\" aria-errormessage=\"wpforms-2204-field_4_1-error\"  ><label class=\"wpforms-field-label-inline\" for=\"wpforms-2204-field_4_1\">I agree to the processing of the submitted data, including the <a href=\"https:\/\/smilepraxis.ch\/de\/datenschutz\/\">privacy policy<\/a><\/label><\/li><\/ul><\/fieldset><\/div><\/div><!-- .wpforms-field-container --><div class=\"wpforms-submit-container\" ><input type=\"hidden\" name=\"wpforms[id]\" value=\"2204\"><input type=\"hidden\" name=\"page_title\" value=\"\"><input type=\"hidden\" name=\"page_url\" value=\"https:\/\/smilepraxis.ch\/de\/wp-json\/wp\/v2\/pages\/2197\"><button type=\"submit\" name=\"wpforms[submit]\" id=\"wpforms-submit-2204\" class=\"wpforms-submit\" data-alt-text=\"Sending...\" data-submit-text=\"Send\" aria-live=\"assertive\" value=\"wpforms-submit\">Send<\/button><img loading=\"lazy\" decoding=\"async\" src=\"https:\/\/smilepraxis.ch\/wp-content\/plugins\/wpforms\/assets\/images\/submit-spin.svg\" class=\"wpforms-submit-spinner\" style=\"display: none;\" width=\"26\" height=\"26\" alt=\"Wird geladen\"><\/div><\/form><\/div>  <!-- .wpforms-container -->\n\n\n<pre id=\"tw-target-text\" class=\"wp-block-preformatted has-small-font-size\"><strong>Berichtsaktualisierung<\/strong><br><br>Dieser Barrierefreiheitsbericht wurde am 17. September 2025 ver\u00f6ffentlicht und zuletzt am 17. September 2025 aktualisiert.<br><br>Die \u00dcberpr\u00fcfung erfolgte sowohl mit automatisierten Tools als auch manuell.<\/pre>\n","protected":false},"excerpt":{"rendered":"<p>Erkl\u00e4rung zur Barrierefreiheit Ziel Wir m\u00f6chten, dass m\u00f6glichst viele Menschen unsere digitalen Dienste nutzen k\u00f6nnen. \u00dcber das auf unserer Website installierte OneTap-Tool k\u00f6nnen Sie Ihr Barrierefreiheitsprofil und Ihre Barrierefreiheitseinstellungen verwalten (Sie erreichen das Tool \u00fcber das Modul unten rechts). \u00dcber das Tool k\u00f6nnen Sie beispielsweise: &#8211; verschiedene Modi aktivieren, z. B. f\u00fcr ADHS, Sehbehinderung, Epilepsie [&hellip;]<\/p>\n","protected":false},"author":1,"featured_media":0,"parent":0,"menu_order":0,"comment_status":"closed","ping_status":"closed","template":"","meta":{"_acf_changed":false,"footnotes":""},"class_list":["post-2197","page","type-page","status-publish","hentry"],"acf":[],"yoast_head":"<!-- This site is optimized with the Yoast SEO plugin v26.1.1 - https:\/\/yoast.com\/wordpress\/plugins\/seo\/ -->\n<title>Erkl\u00e4rung zur Barrierefreiheit - SmilePraxis<\/title>\n<meta name=\"robots\" content=\"index, follow, max-snippet:-1, max-image-preview:large, max-video-preview:-1\" \/>\n<link rel=\"canonical\" href=\"https:\/\/smilepraxis.ch\/de\/erklaerung-zur-barrierefreiheit\/\" \/>\n<meta property=\"og:locale\" content=\"de_DE\" \/>\n<meta property=\"og:type\" content=\"article\" \/>\n<meta property=\"og:title\" content=\"Erkl\u00e4rung zur Barrierefreiheit - SmilePraxis\" \/>\n<meta property=\"og:description\" content=\"Erkl\u00e4rung zur Barrierefreiheit Ziel Wir m\u00f6chten, dass m\u00f6glichst viele Menschen unsere digitalen Dienste nutzen k\u00f6nnen. \u00dcber das auf unserer Website installierte OneTap-Tool k\u00f6nnen Sie Ihr Barrierefreiheitsprofil und Ihre Barrierefreiheitseinstellungen verwalten (Sie erreichen das Tool \u00fcber das Modul unten rechts). \u00dcber das Tool k\u00f6nnen Sie beispielsweise: - verschiedene Modi aktivieren, z. B. f\u00fcr ADHS, Sehbehinderung, Epilepsie [&hellip;]\" \/>\n<meta property=\"og:url\" content=\"https:\/\/smilepraxis.ch\/de\/erklaerung-zur-barrierefreiheit\/\" \/>\n<meta property=\"og:site_name\" content=\"SmilePraxis\" \/>\n<meta property=\"article:publisher\" content=\"https:\/\/www.facebook.com\/smilepraxis\" \/>\n<meta property=\"article:modified_time\" content=\"2025-09-17T12:59:52+00:00\" \/>\n<meta name=\"twitter:card\" content=\"summary_large_image\" \/>\n<script type=\"application\/ld+json\" class=\"yoast-schema-graph\">{\"@context\":\"https:\/\/schema.org\",\"@graph\":[{\"@type\":\"WebPage\",\"@id\":\"https:\/\/smilepraxis.ch\/de\/erklaerung-zur-barrierefreiheit\/\",\"url\":\"https:\/\/smilepraxis.ch\/de\/erklaerung-zur-barrierefreiheit\/\",\"name\":\"Erkl\u00e4rung zur Barrierefreiheit - SmilePraxis\",\"isPartOf\":{\"@id\":\"https:\/\/smilepraxis.ch\/de\/#website\"},\"datePublished\":\"2025-09-17T12:28:18+00:00\",\"dateModified\":\"2025-09-17T12:59:52+00:00\",\"breadcrumb\":{\"@id\":\"https:\/\/smilepraxis.ch\/de\/erklaerung-zur-barrierefreiheit\/#breadcrumb\"},\"inLanguage\":\"de-CH\",\"potentialAction\":[{\"@type\":\"ReadAction\",\"target\":[\"https:\/\/smilepraxis.ch\/de\/erklaerung-zur-barrierefreiheit\/\"]}]},{\"@type\":\"BreadcrumbList\",\"@id\":\"https:\/\/smilepraxis.ch\/de\/erklaerung-zur-barrierefreiheit\/#breadcrumb\",\"itemListElement\":[{\"@type\":\"ListItem\",\"position\":1,\"name\":\"Home\",\"item\":\"https:\/\/smilepraxis.ch\/de\/\"},{\"@type\":\"ListItem\",\"position\":2,\"name\":\"Erkl\u00e4rung zur Barrierefreiheit\"}]},{\"@type\":\"WebSite\",\"@id\":\"https:\/\/smilepraxis.ch\/de\/#website\",\"url\":\"https:\/\/smilepraxis.ch\/de\/\",\"name\":\"SmilePraxis\",\"description\":\"\",\"publisher\":{\"@id\":\"https:\/\/smilepraxis.ch\/de\/#organization\"},\"potentialAction\":[{\"@type\":\"SearchAction\",\"target\":{\"@type\":\"EntryPoint\",\"urlTemplate\":\"https:\/\/smilepraxis.ch\/de\/?s={search_term_string}\"},\"query-input\":{\"@type\":\"PropertyValueSpecification\",\"valueRequired\":true,\"valueName\":\"search_term_string\"}}],\"inLanguage\":\"de-CH\"},{\"@type\":\"Organization\",\"@id\":\"https:\/\/smilepraxis.ch\/de\/#organization\",\"name\":\"SmilePraxis\",\"url\":\"https:\/\/smilepraxis.ch\/de\/\",\"logo\":{\"@type\":\"ImageObject\",\"inLanguage\":\"de-CH\",\"@id\":\"https:\/\/smilepraxis.ch\/de\/#\/schema\/logo\/image\/\",\"url\":\"https:\/\/smilepraxis.wpenginepowered.com\/wp-content\/uploads\/2023\/12\/smilepraxis-logo.png\",\"contentUrl\":\"https:\/\/smilepraxis.wpenginepowered.com\/wp-content\/uploads\/2023\/12\/smilepraxis-logo.png\",\"width\":1544,\"height\":346,\"caption\":\"SmilePraxis\"},\"image\":{\"@id\":\"https:\/\/smilepraxis.ch\/de\/#\/schema\/logo\/image\/\"},\"sameAs\":[\"https:\/\/www.facebook.com\/smilepraxis\"]}]}<\/script>\n<!-- \/ Yoast SEO plugin. -->","yoast_head_json":{"title":"Erkl\u00e4rung zur Barrierefreiheit - SmilePraxis","robots":{"index":"index","follow":"follow","max-snippet":"max-snippet:-1","max-image-preview":"max-image-preview:large","max-video-preview":"max-video-preview:-1"},"canonical":"https:\/\/smilepraxis.ch\/de\/erklaerung-zur-barrierefreiheit\/","og_locale":"de_DE","og_type":"article","og_title":"Erkl\u00e4rung zur Barrierefreiheit - SmilePraxis","og_description":"Erkl\u00e4rung zur Barrierefreiheit Ziel Wir m\u00f6chten, dass m\u00f6glichst viele Menschen unsere digitalen Dienste nutzen k\u00f6nnen. \u00dcber das auf unserer Website installierte OneTap-Tool k\u00f6nnen Sie Ihr Barrierefreiheitsprofil und Ihre Barrierefreiheitseinstellungen verwalten (Sie erreichen das Tool \u00fcber das Modul unten rechts). \u00dcber das Tool k\u00f6nnen Sie beispielsweise: - verschiedene Modi aktivieren, z. B. f\u00fcr ADHS, Sehbehinderung, Epilepsie [&hellip;]","og_url":"https:\/\/smilepraxis.ch\/de\/erklaerung-zur-barrierefreiheit\/","og_site_name":"SmilePraxis","article_publisher":"https:\/\/www.facebook.com\/smilepraxis","article_modified_time":"2025-09-17T12:59:52+00:00","twitter_card":"summary_large_image","schema":{"@context":"https:\/\/schema.org","@graph":[{"@type":"WebPage","@id":"https:\/\/smilepraxis.ch\/de\/erklaerung-zur-barrierefreiheit\/","url":"https:\/\/smilepraxis.ch\/de\/erklaerung-zur-barrierefreiheit\/","name":"Erkl\u00e4rung zur Barrierefreiheit - SmilePraxis","isPartOf":{"@id":"https:\/\/smilepraxis.ch\/de\/#website"},"datePublished":"2025-09-17T12:28:18+00:00","dateModified":"2025-09-17T12:59:52+00:00","breadcrumb":{"@id":"https:\/\/smilepraxis.ch\/de\/erklaerung-zur-barrierefreiheit\/#breadcrumb"},"inLanguage":"de-CH","potentialAction":[{"@type":"ReadAction","target":["https:\/\/smilepraxis.ch\/de\/erklaerung-zur-barrierefreiheit\/"]}]},{"@type":"BreadcrumbList","@id":"https:\/\/smilepraxis.ch\/de\/erklaerung-zur-barrierefreiheit\/#breadcrumb","itemListElement":[{"@type":"ListItem","position":1,"name":"Home","item":"https:\/\/smilepraxis.ch\/de\/"},{"@type":"ListItem","position":2,"name":"Erkl\u00e4rung zur Barrierefreiheit"}]},{"@type":"WebSite","@id":"https:\/\/smilepraxis.ch\/de\/#website","url":"https:\/\/smilepraxis.ch\/de\/","name":"SmilePraxis","description":"","publisher":{"@id":"https:\/\/smilepraxis.ch\/de\/#organization"},"potentialAction":[{"@type":"SearchAction","target":{"@type":"EntryPoint","urlTemplate":"https:\/\/smilepraxis.ch\/de\/?s={search_term_string}"},"query-input":{"@type":"PropertyValueSpecification","valueRequired":true,"valueName":"search_term_string"}}],"inLanguage":"de-CH"},{"@type":"Organization","@id":"https:\/\/smilepraxis.ch\/de\/#organization","name":"SmilePraxis","url":"https:\/\/smilepraxis.ch\/de\/","logo":{"@type":"ImageObject","inLanguage":"de-CH","@id":"https:\/\/smilepraxis.ch\/de\/#\/schema\/logo\/image\/","url":"https:\/\/smilepraxis.wpenginepowered.com\/wp-content\/uploads\/2023\/12\/smilepraxis-logo.png","contentUrl":"https:\/\/smilepraxis.wpenginepowered.com\/wp-content\/uploads\/2023\/12\/smilepraxis-logo.png","width":1544,"height":346,"caption":"SmilePraxis"},"image":{"@id":"https:\/\/smilepraxis.ch\/de\/#\/schema\/logo\/image\/"},"sameAs":["https:\/\/www.facebook.com\/smilepraxis"]}]}},"featured_image_src":null,"featured_image_src_square":null,"_links":{"self":[{"href":"https:\/\/smilepraxis.ch\/de\/wp-json\/wp\/v2\/pages\/2197","targetHints":{"allow":["GET"]}}],"collection":[{"href":"https:\/\/smilepraxis.ch\/de\/wp-json\/wp\/v2\/pages"}],"about":[{"href":"https:\/\/smilepraxis.ch\/de\/wp-json\/wp\/v2\/types\/page"}],"author":[{"embeddable":true,"href":"https:\/\/smilepraxis.ch\/de\/wp-json\/wp\/v2\/users\/1"}],"replies":[{"embeddable":true,"href":"https:\/\/smilepraxis.ch\/de\/wp-json\/wp\/v2\/comments?post=2197"}],"version-history":[{"count":0,"href":"https:\/\/smilepraxis.ch\/de\/wp-json\/wp\/v2\/pages\/2197\/revisions"}],"wp:attachment":[{"href":"https:\/\/smilepraxis.ch\/de\/wp-json\/wp\/v2\/media?parent=2197"}],"curies":[{"name":"wp","href":"https:\/\/api.w.org\/{rel}","templated":true}]}}