{"id":661,"date":"2023-12-16T12:49:38","date_gmt":"2023-12-16T12:49:38","guid":{"rendered":"https:\/\/smilepraxis.wpenginepowered.com\/?page_id=661"},"modified":"2024-08-22T08:05:58","modified_gmt":"2024-08-22T08:05:58","slug":"zahnarzt-davos","status":"publish","type":"page","link":"https:\/\/smilepraxis.ch\/de\/zahnarzt-davos\/","title":{"rendered":"Zahnarzt Davos"},"content":{"rendered":"\n<section class=\"page-header bigger\" style=\"background-image: url('https:\/\/smilepraxis.ch\/wp-content\/uploads\/2023\/11\/thumb_width3200_woman-wearing-teal-off-shoulder-dress-1776862-scaled.jpg');\">\n    <div class=\"container\">\n        <h3 class=\"mt-0 mb-3\">DER ZAHNARZT IN IHRER N\u00c4HE<\/h3>        <h2 class=\"mt-0 mb-3\">Zahnarzt Davos<\/h2>                            <a class=\"btn me-md-3 mb-3\" href=\"https:\/\/smilepraxis.ch\/de\/kontakt\/\" style=\"color: #333333; background-color: #FFECB4\">Jetzt Termin vereinbaren<\/a>                    \n                    <a class=\"btn me-md-3 mb-3\" href=\"https:\/\/smilepraxis.ch\/de\/onlinebuchung\/\" style=\"color: #333333; background-color: #f2f2f3\">Onlinebuchung<\/a>                    \n                    <\/div>\n<\/div>\n\n\n<section class=\"block-content-image-block\">\n    <div class=\"container\">\n        <div class=\"row\">\n            <div class=\"col-md-6 col-12  \">\n                <div class=\"col-content px-3\">\n                    <h3><\/h3>\n                    <p>Weisse, gerade und gesunde Z\u00e4hne sind ein wesentlicher Faktor f\u00fcr ein sch\u00f6nes L\u00e4cheln. Achten Sie deshalb auf Ihre Zahngesundheit. Mit einer regelm\u00e4ssigen und fachgerechten Versorgung tragen Sie dazu bei, Ihre Z\u00e4hne lange zu erhalten und k\u00f6nnen stets mit einem stolzen L\u00e4cheln durch die Welt gehen. Die SmilePraxis ist Ihr erfahrener Zahnarzt f\u00fcr Davos und Umgebung. Bei uns erhalten Sie eine moderne Behandlung nach den aktuellen Standards der Zahnmedizin. Vor Ort verf\u00fcgen wir \u00fcber eine innovative zahnmedizinische Ausstattung. All unsere Mitarbeiter absolvieren zudem permanent Fortbildungen und Schulungen, um ihr Fachwissen in puncto Zahnmedizin auf dem neusten Stand zu halten. Dar\u00fcber hinaus geniessen Sie in Ihrer SmilePraxis in Landquart, die Sie von Davos aus mit dem Auto in weniger als einer Dreiviertelstunde erreichen, eine gem\u00fctliche und angenehme Atmosph\u00e4re. Uns ist es wichtig, dass Sie sich in unserer Zahnarztpraxis wohlf\u00fchlen, damit Sie gerne und immer mit einem strahlenden L\u00e4cheln auf den Lippen zu uns kommen.<\/p>\n                <\/div>\n            <\/div>\n            <div class=\"col-md-6 col-12 \">\n                <img decoding=\"async\" src=\"https:\/\/smilepraxis.ch\/wp-content\/uploads\/2023\/11\/aktion-smilepraxis-silvangiger-1-1300x1300.jpg\" width=\"100%\">\n            <\/div>\n        <\/div>\n    <\/div>\n<\/section>\n\n<section class=\"block-content-image-block\">\n    <div class=\"container\">\n        <div class=\"row\">\n            <div class=\"col-md-6 col-12  order-md-2\">\n                <div class=\"col-content px-3\">\n                    <h3>Ihr Zahnarzt bei Davos mit umfassendem Leistungsportfolio f\u00fcr die Zahngesundheit<\/h3>\n                    <p>In Ihrer SmilePraxis unweit von Davos bieten wir Ihnen vielf\u00e4ltige Leistungen an, die Ihre Zahngesundheit auf lange Sicht erhalten. Bei uns erhalten Sie alle modernen zahnmedizinischen Behandlungen aus einer Hand, sodass gesunden und sch\u00f6nen Z\u00e4hnen nichts im Wege steht. Bei Ihrem ersten Besuch in unserer Praxis in der N\u00e4he von Davos \u00fcberpr\u00fcfen wir mit unserer modernen Technik Ihre derzeitige Zahngesundheit. Die dabei gewonnenen Erkenntnisse nutzen wir, um in Absprache mit Ihnen einen pers\u00f6nlichen Behandlungsplan zu erstellen. Vereinbaren Sie dann am besten direkt Termine f\u00fcr die folgenden Behandlungen, damit wir Ihre Zahngesundheit weiter verbessern oder optimal erhalten k\u00f6nnen. Nicht nur die g\u00e4ngigen zahnmedizinischen Kontrolluntersuchungen geh\u00f6ren zu unserem Leistungsangebot, wir bieten auch in den Bereichen Dentalhygiene, Zahnf\u00fcllungen und \u00e4sthetische Zahnmedizin moderne Leistungen an. Wenden Sie sich also an uns, wenn Sie ein hochwertiges Zahnimplantat w\u00fcnschen oder Ihre Z\u00e4hne aufhellen m\u00f6chten.<\/p>\n                <\/div>\n            <\/div>\n            <div class=\"col-md-6 col-12 order-md-1\">\n                <img decoding=\"async\" src=\"https:\/\/smilepraxis.ch\/wp-content\/uploads\/2023\/12\/shutterstock_719466850web2.jpeg\" width=\"100%\">\n            <\/div>\n        <\/div>\n    <\/div>\n<\/section>\n\n<section class=\"block-content-image-block\">\n    <div class=\"container\">\n        <div class=\"row\">\n            <div class=\"col-md-6 col-12  \">\n                <div class=\"col-content px-3\">\n                    <h3>Zahn ausgeschlagen oder abgebrochen? Ihre SmilePraxis ist auch im Notfall f\u00fcr Sie da<\/h3>\n                    <p>Neben den oben genannten zahnmedizinischen Leistungen bieten wir unseren Patienten aus Davos und Umgebung auch eine Versorgung im Notfall an. Leider gen\u00fcgt im Alltag ein unachtsamer Moment und schon ist ein Zahn ausgeschlagen oder abgebrochen. Ein solches Ungl\u00fcck ist oftmals nicht einmal selbst verschuldet, aber in jedem Fall sehr \u00e4rgerlich. Z\u00f6gern Sie nicht lange, sondern kommen Sie in Ihre Zahnarztpraxis in der N\u00e4he von Davos. Unsere Profis begutachten und behandeln den besch\u00e4digten Zahn sofort, um schwerwiegende Folgen und zahlreiche Folgebehandlungen zu vermeiden.<\/p>\n                <\/div>\n            <\/div>\n            <div class=\"col-md-6 col-12 \">\n                <img decoding=\"async\" src=\"https:\/\/smilepraxis.ch\/wp-content\/uploads\/2023\/12\/thumb_width3200_aktion4-smilepraxis-silvangiger-1300x1280.jpeg\" width=\"100%\">\n            <\/div>\n        <\/div>\n    <\/div>\n<\/section>\n\n<section id=\"block_a2acb3785bd4e6352d5f755bb748207b\" class=\"block-news\">\n    <div class=\"container\">\n        <div class=\"row row-eq-height mt-4 position-relative\">\n                        <div class=\"col-md-4 col-12\">\n                <div class=\"news-container\">\n                    <div class=\"post-image\">\n                        <a href=\"https:\/\/smilepraxis.ch\/de\/zahnpflege-lebensphasen\/\"><img loading=\"lazy\" decoding=\"async\" width=\"800\" height=\"800\" src=\"https:\/\/smilepraxis.ch\/wp-content\/uploads\/2026\/03\/6D1A9920-800x800.jpg\" class=\"attachment-square size-square wp-post-image\" alt=\"\" srcset=\"https:\/\/smilepraxis.ch\/wp-content\/uploads\/2026\/03\/6D1A9920-800x800.jpg 800w, https:\/\/smilepraxis.ch\/wp-content\/uploads\/2026\/03\/6D1A9920-150x150.jpg 150w, https:\/\/smilepraxis.ch\/wp-content\/uploads\/2026\/03\/6D1A9920-1300x1300.jpg 1300w, https:\/\/smilepraxis.ch\/wp-content\/uploads\/2026\/03\/6D1A9920-600x600.jpg 600w\" sizes=\"auto, (max-width: 800px) 100vw, 800px\" \/><\/a>\n                    <\/div>\n                    <div class=\"post-content\">\n                        <p class=\"post-meta\">M\u00e4rz 13<\/p>\n                        <h3 class=\"title\"><a href=\"https:\/\/smilepraxis.ch\/de\/zahnpflege-lebensphasen\/\">Zahnpflege in jeder Lebensphase \u2013 Individuelle Bed\u00fcrfnisse, ein gesundes L\u00e4cheln<\/a><\/h3>\n                        <div class=\"excerpt\">\n                            <p><p>Kindheit. Schwangerschaft. Alter. Jede Lebensphase stellt unterschiedliche Anforderungen an die Mundgesundheit. In der SmilePraxis begleiten wir Sie und Ihre Familie mit gezielten Vorsorgemassnahmen, moderner Diagnostik und individuellen Pflegetipps \u2013 an unseren Standorten beim Zahnarzt in Chur und Zahnarzt in Malans. Warum variiert die Zahnpflege im Laufe des Lebens? Mundgesundheit ver\u00e4ndert sich mit dem K\u00f6rper: vom [&hellip;]<\/p>\n<\/p>\n                        <\/div>\n                        <a href=\"https:\/\/smilepraxis.ch\/de\/zahnpflege-lebensphasen\/\" class=\"btn-read-more\"><\/a>\n                    <\/div>\n                <\/div>\n            <\/div>\n                        <div class=\"col-md-4 col-12\">\n                <div class=\"news-container\">\n                    <div class=\"post-image\">\n                        <a href=\"https:\/\/smilepraxis.ch\/de\/mundgesundheit-allgemeingesundheit-wie-ihr-laecheln-ihren-koerper-schuetzt\/\"><img loading=\"lazy\" decoding=\"async\" width=\"800\" height=\"800\" src=\"https:\/\/smilepraxis.ch\/wp-content\/uploads\/2026\/03\/6D1A0082-800x800.jpg\" class=\"attachment-square size-square wp-post-image\" alt=\"\" srcset=\"https:\/\/smilepraxis.ch\/wp-content\/uploads\/2026\/03\/6D1A0082-800x800.jpg 800w, https:\/\/smilepraxis.ch\/wp-content\/uploads\/2026\/03\/6D1A0082-150x150.jpg 150w, https:\/\/smilepraxis.ch\/wp-content\/uploads\/2026\/03\/6D1A0082-1300x1300.jpg 1300w, https:\/\/smilepraxis.ch\/wp-content\/uploads\/2026\/03\/6D1A0082-600x600.jpg 600w\" sizes=\"auto, (max-width: 800px) 100vw, 800px\" \/><\/a>\n                    <\/div>\n                    <div class=\"post-content\">\n                        <p class=\"post-meta\">M\u00e4rz 12<\/p>\n                        <h3 class=\"title\"><a href=\"https:\/\/smilepraxis.ch\/de\/mundgesundheit-allgemeingesundheit-wie-ihr-laecheln-ihren-koerper-schuetzt\/\">Mundgesundheit &amp; Allgemeingesundheit \u2013 Wie Ihr L\u00e4cheln Ihren K\u00f6rper sch\u00fctzt<\/a><\/h3>\n                        <div class=\"excerpt\">\n                            <p><p>Gesund. Ganzheitlich. Lebenswichtig. In der SmilePraxis betrachten wir Ihre Gesundheit immer im Ganzen. Denn gesunde Z\u00e4hne und ein gesundes Zahnfleisch beeinflussen weit mehr als nur Ihr L\u00e4cheln. Zahlreiche wissenschaftliche Erkenntnisse zeigen: Eine gute Mundgesundheit wirkt sich positiv auf Herz, Stoffwechsel, Immunsystem und Ihr allgemeines Wohlbefinden aus. Wenn Sie sich pers\u00f6nlich beraten lassen m\u00f6chten, sind wir [&hellip;]<\/p>\n<\/p>\n                        <\/div>\n                        <a href=\"https:\/\/smilepraxis.ch\/de\/mundgesundheit-allgemeingesundheit-wie-ihr-laecheln-ihren-koerper-schuetzt\/\" class=\"btn-read-more\"><\/a>\n                    <\/div>\n                <\/div>\n            <\/div>\n                        <div class=\"col-md-4 col-12\">\n                <div class=\"news-container\">\n                    <div class=\"post-image\">\n                        <a href=\"https:\/\/smilepraxis.ch\/de\/mundhygiene-richtige-technik-interdentalpflege\/\"><img loading=\"lazy\" decoding=\"async\" width=\"800\" height=\"800\" src=\"https:\/\/smilepraxis.ch\/wp-content\/uploads\/2026\/03\/6D1A0221-800x800.jpg\" class=\"attachment-square size-square wp-post-image\" alt=\"\" srcset=\"https:\/\/smilepraxis.ch\/wp-content\/uploads\/2026\/03\/6D1A0221-800x800.jpg 800w, https:\/\/smilepraxis.ch\/wp-content\/uploads\/2026\/03\/6D1A0221-150x150.jpg 150w, https:\/\/smilepraxis.ch\/wp-content\/uploads\/2026\/03\/6D1A0221-1300x1300.jpg 1300w, https:\/\/smilepraxis.ch\/wp-content\/uploads\/2026\/03\/6D1A0221-600x600.jpg 600w\" sizes=\"auto, (max-width: 800px) 100vw, 800px\" \/><\/a>\n                    <\/div>\n                    <div class=\"post-content\">\n                        <p class=\"post-meta\">M\u00e4rz 04<\/p>\n                        <h3 class=\"title\"><a href=\"https:\/\/smilepraxis.ch\/de\/mundhygiene-richtige-technik-interdentalpflege\/\">Richtiges Putzen &amp; Interdentalhygiene \u2013 F\u00fcr ein gesundes L\u00e4cheln ein Leben lang<\/a><\/h3>\n                        <div class=\"excerpt\">\n                            <p><p>Sauber. Schonend. Effektiv. In der SmilePraxis zeigen wir Ihnen moderne und nachhaltige Methoden der t\u00e4glichen Mundhygiene, die Ihre Z\u00e4hne und Ihr Zahnfleisch langfristig sch\u00fctzen. Mit der richtigen Putztechnik und einer gezielten Interdentalpflege beugen Sie Karies, Entz\u00fcndungen und Mundgeruch wirksam vor \u2013 f\u00fcr ein frisches, gesundes L\u00e4cheln. Was bedeutet richtige Mundhygiene? Richtige Mundhygiene umfasst mehr als [&hellip;]<\/p>\n<\/p>\n                        <\/div>\n                        <a href=\"https:\/\/smilepraxis.ch\/de\/mundhygiene-richtige-technik-interdentalpflege\/\" class=\"btn-read-more\"><\/a>\n                    <\/div>\n                <\/div>\n            <\/div>\n                                <\/div>\n    <\/div>\n<\/section>\n\n\n<section class=\"block-two-col-box\">\n    <div class=\"container-fluid g-0\">\n        <div class=\"row row-eq-height g-0\">\n                        <div class=\"col-md-6 col-12\">\n                <a class=\"col-content\" href=\"\/de\/standorte\/zahnarzt-chur\/\">\n                    <p class=\"subtitle\">CHUR UND REGION<\/p>                    <h2>Zahnarzt Chur<\/h2>\n                    <img decoding=\"async\" src=\"https:\/\/smilepraxis.ch\/wp-content\/uploads\/2023\/11\/Rectangle-6.jpg\">\n                <\/a>\n            <\/div>\n                        <div class=\"col-md-6 col-12\">\n                <a class=\"col-content\" href=\"\/de\/standorte\/zahnarzt-malans\/\">\n                    <p class=\"subtitle\">MALANS \/ LANDQUART<\/p>                    <h2>Zahnarzt Malans<\/h2>\n                    <img decoding=\"async\" src=\"https:\/\/smilepraxis.ch\/wp-content\/uploads\/2023\/11\/Rectangle-7.jpg\">\n                <\/a>\n            <\/div>\n                    <\/div>\n    <\/div>\n<\/section>\n\n<section class=\"block-cta-block\">\n    <div class=\"container position-relative\">\n        <div class=\"row row-eq-height\">\n            <div class=\"col-md-8 col-12 my-auto\">\n                <h2>Reservieren Sie sich Ihren pers\u00f6nlichen Zahnarzttermin<\/h2>\n                                                <div class=\"mt-5\">                                    <a class=\"btn btn-yellow\" href=\"https:\/\/smilepraxis.ch\/de\/kontakt\/\">TERMIN VEREINBAREN<\/a>\n                                    <a class=\"btn btn-lightyellow\" href=\"https:\/\/smilepraxis.ch\/de\/onlinebuchung\/\">ZUR ONLINEBUCHUNG<\/a>\n                                <\/div>                            <\/div>\n            <div class=\"col-md-4 col-12\">\n                                <img decoding=\"async\" src=\"\" width=\"100%\">\n            <\/div>\n        <\/div>\n    <\/div>\n<\/section>\n\n\n<section class=\"block-three-col-text\">\n    <div class=\"container\">\n        <div class=\"row\">\n            <div class=\"col-12\">\n                <h2>Sichere und freundliche Zahnmedizin<\/h2>\n            <\/div>\n        <\/div>\n        <div class=\"row row-eq-height\">\n                        <div class=\"col-md-4 col-12\">\n                <div class=\"col-content\">\n                    <h3>Zahnarztpraxis 2.0<\/h3>\n                    <p>SmilePraxis bietet das gesamte Spektrum der Zahnmedizin an. Egal ob Sie einen Zahnunfall hatten, eine Zahnspange, Implantate, Zahnkontrolle und Dentalhygiene w\u00fcnschen, wir sind f\u00fcr Sie da. Unter der Woche haben wir f\u00fcr Sie durchgehend von 07:00 bis 20:00 ge\u00f6ffnet, samstags sind unsere Praxen in Chur und Malans von 9:00 bis 16:00 offen. Bei uns k\u00f6nnen Sie die modernste Zahnmedizin und modernsten Techniken erwarten. Willkommen in unseren sch\u00f6nen Praxen und lassen Sie sich von unserem Team umsorgen.<\/p>\n                    <a href=\"\/de\/behandlungen\/\" class=\"btn btn-blue\">MEHR LESEN<\/a>\n                <\/div>\n            <\/div>\n                        <div class=\"col-md-4 col-12\">\n                <div class=\"col-content\">\n                    <h3>Bis <span style=\"text-decoration: line-through\">bald<\/span> wieder<\/h3>\n                    <p>Obwohl wir Sie gerne treffen, ist es unser Ziel, dass es nicht allzu oft vorkommt. Unsere Arbeitsweise ist pr\u00e4ventiv und langfristig angelegt, um das Risiko von Komplikationen und ungewollten R\u00fcckbesuchen zu minimieren. Deshalb legen wir grossen Wert auf Qualit\u00e4t und versprechen, bei der zahnmedizinischen Kompetenz und Behandlung keine Kompromisse einzugehen. Um gr\u00f6ssere Probleme zu vermeiden empfehlen wir regelm\u00e4ssige (j\u00e4hrliche) Zahnkontrollen und prophylaktische Dentalhygiene<\/p>\n                    <a href=\"\/de\/behandlungen\/\" class=\"btn btn-blue\">MEHR LESEN<\/a>\n                <\/div>\n            <\/div>\n                        <div class=\"col-md-4 col-12\">\n                <div class=\"col-content\">\n                    <h3>Angst vor dem Zahnarzt?<\/h3>\n                    <p>Unwohlsein vor dem Zahnarzttermin kommt h\u00e4ufig vor und ist kein Grund, sich zu sch\u00e4men. Im Gegenteil, teilen Sie uns dies bitte bei der Buchung mit \u2013 und wir werden den Besuch entsprechend f\u00fcr Sie anpassen. Wenn n\u00f6tig, bieten wir auch Lachgas oder Vollnarkose an. Unsere Zahn\u00e4rzte haben alle Erfahrung im Umgang mit Patienten mit Zahnarztangst.<\/p>\n                    <a href=\"\/de\/behandlungen\/zahnarztangst\/\" class=\"btn btn-blue\">MEHR LESEN<\/a>\n                <\/div>\n            <\/div>\n                    <\/div>\n    <\/div>\n<\/section>\n","protected":false},"excerpt":{"rendered":"","protected":false},"author":3,"featured_media":0,"parent":0,"menu_order":0,"comment_status":"closed","ping_status":"closed","template":"","meta":{"_acf_changed":false,"footnotes":""},"class_list":["post-661","page","type-page","status-publish","hentry"],"acf":[],"yoast_head":"<!-- This site is optimized with the Yoast SEO plugin v26.1.1 - https:\/\/yoast.com\/wordpress\/plugins\/seo\/ -->\n<title>Zahnarzt Davos in Ihrer N\u00e4he - SmilePraxis<\/title>\n<meta name=\"description\" content=\"In unserer Zahnklinik in der N\u00e4he von Davos bekommen Sie deshalb eine optimierte Behandlung auf dem neuesten Stand der Zahntechnologie.\" \/>\n<meta name=\"robots\" content=\"index, follow, max-snippet:-1, max-image-preview:large, max-video-preview:-1\" \/>\n<link rel=\"canonical\" href=\"https:\/\/smilepraxis.ch\/de\/zahnarzt-davos\/\" \/>\n<meta property=\"og:locale\" content=\"de_DE\" \/>\n<meta property=\"og:type\" content=\"article\" \/>\n<meta property=\"og:title\" content=\"Zahnarzt Davos in Ihrer N\u00e4he - SmilePraxis\" \/>\n<meta property=\"og:description\" content=\"In unserer Zahnklinik in der N\u00e4he von Davos bekommen Sie deshalb eine optimierte Behandlung auf dem neuesten Stand der Zahntechnologie.\" \/>\n<meta property=\"og:url\" content=\"https:\/\/smilepraxis.ch\/de\/zahnarzt-davos\/\" \/>\n<meta property=\"og:site_name\" content=\"SmilePraxis\" \/>\n<meta property=\"article:publisher\" content=\"https:\/\/www.facebook.com\/smilepraxis\" \/>\n<meta property=\"article:modified_time\" content=\"2024-08-22T08:05:58+00:00\" \/>\n<meta name=\"twitter:card\" content=\"summary_large_image\" \/>\n<script type=\"application\/ld+json\" class=\"yoast-schema-graph\">{\"@context\":\"https:\/\/schema.org\",\"@graph\":[{\"@type\":\"WebPage\",\"@id\":\"https:\/\/smilepraxis.ch\/de\/zahnarzt-davos\/\",\"url\":\"https:\/\/smilepraxis.ch\/de\/zahnarzt-davos\/\",\"name\":\"Zahnarzt Davos in Ihrer N\u00e4he - SmilePraxis\",\"isPartOf\":{\"@id\":\"https:\/\/smilepraxis.ch\/de\/#website\"},\"datePublished\":\"2023-12-16T12:49:38+00:00\",\"dateModified\":\"2024-08-22T08:05:58+00:00\",\"description\":\"In unserer Zahnklinik in der N\u00e4he von Davos bekommen Sie deshalb eine optimierte Behandlung auf dem neuesten Stand der Zahntechnologie.\",\"breadcrumb\":{\"@id\":\"https:\/\/smilepraxis.ch\/de\/zahnarzt-davos\/#breadcrumb\"},\"inLanguage\":\"de-CH\",\"potentialAction\":[{\"@type\":\"ReadAction\",\"target\":[\"https:\/\/smilepraxis.ch\/de\/zahnarzt-davos\/\"]}]},{\"@type\":\"BreadcrumbList\",\"@id\":\"https:\/\/smilepraxis.ch\/de\/zahnarzt-davos\/#breadcrumb\",\"itemListElement\":[{\"@type\":\"ListItem\",\"position\":1,\"name\":\"Home\",\"item\":\"https:\/\/smilepraxis.ch\/de\/\"},{\"@type\":\"ListItem\",\"position\":2,\"name\":\"Zahnarzt Davos\"}]},{\"@type\":\"WebSite\",\"@id\":\"https:\/\/smilepraxis.ch\/de\/#website\",\"url\":\"https:\/\/smilepraxis.ch\/de\/\",\"name\":\"SmilePraxis\",\"description\":\"\",\"publisher\":{\"@id\":\"https:\/\/smilepraxis.ch\/de\/#organization\"},\"potentialAction\":[{\"@type\":\"SearchAction\",\"target\":{\"@type\":\"EntryPoint\",\"urlTemplate\":\"https:\/\/smilepraxis.ch\/de\/?s={search_term_string}\"},\"query-input\":{\"@type\":\"PropertyValueSpecification\",\"valueRequired\":true,\"valueName\":\"search_term_string\"}}],\"inLanguage\":\"de-CH\"},{\"@type\":\"Organization\",\"@id\":\"https:\/\/smilepraxis.ch\/de\/#organization\",\"name\":\"SmilePraxis\",\"url\":\"https:\/\/smilepraxis.ch\/de\/\",\"logo\":{\"@type\":\"ImageObject\",\"inLanguage\":\"de-CH\",\"@id\":\"https:\/\/smilepraxis.ch\/de\/#\/schema\/logo\/image\/\",\"url\":\"https:\/\/smilepraxis.wpenginepowered.com\/wp-content\/uploads\/2023\/12\/smilepraxis-logo.png\",\"contentUrl\":\"https:\/\/smilepraxis.wpenginepowered.com\/wp-content\/uploads\/2023\/12\/smilepraxis-logo.png\",\"width\":1544,\"height\":346,\"caption\":\"SmilePraxis\"},\"image\":{\"@id\":\"https:\/\/smilepraxis.ch\/de\/#\/schema\/logo\/image\/\"},\"sameAs\":[\"https:\/\/www.facebook.com\/smilepraxis\"]}]}<\/script>\n<!-- \/ Yoast SEO plugin. -->","yoast_head_json":{"title":"Zahnarzt Davos in Ihrer N\u00e4he - SmilePraxis","description":"In unserer Zahnklinik in der N\u00e4he von Davos bekommen Sie deshalb eine optimierte Behandlung auf dem neuesten Stand der Zahntechnologie.","robots":{"index":"index","follow":"follow","max-snippet":"max-snippet:-1","max-image-preview":"max-image-preview:large","max-video-preview":"max-video-preview:-1"},"canonical":"https:\/\/smilepraxis.ch\/de\/zahnarzt-davos\/","og_locale":"de_DE","og_type":"article","og_title":"Zahnarzt Davos in Ihrer N\u00e4he - SmilePraxis","og_description":"In unserer Zahnklinik in der N\u00e4he von Davos bekommen Sie deshalb eine optimierte Behandlung auf dem neuesten Stand der Zahntechnologie.","og_url":"https:\/\/smilepraxis.ch\/de\/zahnarzt-davos\/","og_site_name":"SmilePraxis","article_publisher":"https:\/\/www.facebook.com\/smilepraxis","article_modified_time":"2024-08-22T08:05:58+00:00","twitter_card":"summary_large_image","schema":{"@context":"https:\/\/schema.org","@graph":[{"@type":"WebPage","@id":"https:\/\/smilepraxis.ch\/de\/zahnarzt-davos\/","url":"https:\/\/smilepraxis.ch\/de\/zahnarzt-davos\/","name":"Zahnarzt Davos in Ihrer N\u00e4he - SmilePraxis","isPartOf":{"@id":"https:\/\/smilepraxis.ch\/de\/#website"},"datePublished":"2023-12-16T12:49:38+00:00","dateModified":"2024-08-22T08:05:58+00:00","description":"In unserer Zahnklinik in der N\u00e4he von Davos bekommen Sie deshalb eine optimierte Behandlung auf dem neuesten Stand der Zahntechnologie.","breadcrumb":{"@id":"https:\/\/smilepraxis.ch\/de\/zahnarzt-davos\/#breadcrumb"},"inLanguage":"de-CH","potentialAction":[{"@type":"ReadAction","target":["https:\/\/smilepraxis.ch\/de\/zahnarzt-davos\/"]}]},{"@type":"BreadcrumbList","@id":"https:\/\/smilepraxis.ch\/de\/zahnarzt-davos\/#breadcrumb","itemListElement":[{"@type":"ListItem","position":1,"name":"Home","item":"https:\/\/smilepraxis.ch\/de\/"},{"@type":"ListItem","position":2,"name":"Zahnarzt Davos"}]},{"@type":"WebSite","@id":"https:\/\/smilepraxis.ch\/de\/#website","url":"https:\/\/smilepraxis.ch\/de\/","name":"SmilePraxis","description":"","publisher":{"@id":"https:\/\/smilepraxis.ch\/de\/#organization"},"potentialAction":[{"@type":"SearchAction","target":{"@type":"EntryPoint","urlTemplate":"https:\/\/smilepraxis.ch\/de\/?s={search_term_string}"},"query-input":{"@type":"PropertyValueSpecification","valueRequired":true,"valueName":"search_term_string"}}],"inLanguage":"de-CH"},{"@type":"Organization","@id":"https:\/\/smilepraxis.ch\/de\/#organization","name":"SmilePraxis","url":"https:\/\/smilepraxis.ch\/de\/","logo":{"@type":"ImageObject","inLanguage":"de-CH","@id":"https:\/\/smilepraxis.ch\/de\/#\/schema\/logo\/image\/","url":"https:\/\/smilepraxis.wpenginepowered.com\/wp-content\/uploads\/2023\/12\/smilepraxis-logo.png","contentUrl":"https:\/\/smilepraxis.wpenginepowered.com\/wp-content\/uploads\/2023\/12\/smilepraxis-logo.png","width":1544,"height":346,"caption":"SmilePraxis"},"image":{"@id":"https:\/\/smilepraxis.ch\/de\/#\/schema\/logo\/image\/"},"sameAs":["https:\/\/www.facebook.com\/smilepraxis"]}]}},"featured_image_src":null,"featured_image_src_square":null,"_links":{"self":[{"href":"https:\/\/smilepraxis.ch\/de\/wp-json\/wp\/v2\/pages\/661","targetHints":{"allow":["GET"]}}],"collection":[{"href":"https:\/\/smilepraxis.ch\/de\/wp-json\/wp\/v2\/pages"}],"about":[{"href":"https:\/\/smilepraxis.ch\/de\/wp-json\/wp\/v2\/types\/page"}],"author":[{"embeddable":true,"href":"https:\/\/smilepraxis.ch\/de\/wp-json\/wp\/v2\/users\/3"}],"replies":[{"embeddable":true,"href":"https:\/\/smilepraxis.ch\/de\/wp-json\/wp\/v2\/comments?post=661"}],"version-history":[{"count":0,"href":"https:\/\/smilepraxis.ch\/de\/wp-json\/wp\/v2\/pages\/661\/revisions"}],"wp:attachment":[{"href":"https:\/\/smilepraxis.ch\/de\/wp-json\/wp\/v2\/media?parent=661"}],"curies":[{"name":"wp","href":"https:\/\/api.w.org\/{rel}","templated":true}]}}