{"id":807,"date":"2024-01-07T10:47:55","date_gmt":"2024-01-07T10:47:55","guid":{"rendered":"https:\/\/smilepraxis.ch\/de\/?page_id=807"},"modified":"2024-03-23T20:15:31","modified_gmt":"2024-03-23T20:15:31","slug":"parodontose-therapie","status":"publish","type":"page","link":"https:\/\/smilepraxis.ch\/de\/behandlungen\/zahnfleischbluten\/parodontose\/parodontose-therapie\/","title":{"rendered":"Parodontose Therapie"},"content":{"rendered":"\n<section class=\"page-header bigger\" style=\"background-image: url('https:\/\/smilepraxis.ch\/wp-content\/uploads\/2023\/12\/thumb_width3200_smilepraxis-parodontitisbehandlung-001.jpg');\">\n    <div class=\"container\">\n        <h3 class=\"mt-0 mb-3\">DIE ERHALTUNG DES ZAHNFUNDAMENTES IST UNSERE H\u00d6CHSTE PRIORIT\u00c4T<\/h3>        <h2 class=\"mt-0 mb-3\">Parodontitisbehandlung<\/h2>                        <a href=\"\/de\/kontakt\/\" class=\"btn btn-yellow me-md-3\">Jetzt Termin vereinbaren<\/a>    <\/div>\n<\/div>\n\n\n<section class=\"block-content-image-block\">\n    <div class=\"container\">\n        <div class=\"row\">\n            <div class=\"col-md-6 col-12  \">\n                <div class=\"col-content px-3\">\n                    <h3>Wie erfolgt die Behandlung einer Parodontitis?<\/h3>\n                    <p class=\"ckeditor_p\">Bei den meisten Parodontitiden ist eine Behandlung erfolgreich. Der Behandlungsumfang h\u00e4ngt sehr stark von der Verlaufsform ab. Wenn eine Parodontitis noch im Fr\u00fchstadium erkannt wird, kann sie mit recht geringem Aufwand behandelt werden. Bei jeder Entz\u00fcndung des Parodonts steht eine tiefe Reinigung der Zahnwurzeloberfl\u00e4che unter dem Zahnfleisch im Vordergrund. Diese mechanisch-instrumentelle Therapie wird in den meisten F\u00e4llen von unseren Dentalhygienikerinnen durchgef\u00fchrt. In speziellen F\u00e4llen k\u00f6nnen lokal oder systemisch verabreichte Medikamente die tiefe Reinigung unterst\u00fctzen. In einigen F\u00e4llen k\u00f6nnen auch durch den Zahnarzt korrektiv-chirurgische Eingriffe vorgenommen werden.<\/p>\n<p class=\"ckeditor_p\">In jedem Fall muss die Behandlung in der Zahnarztpraxis durch regelm\u00e4ssige und gr\u00fcndliche eigene Mundhygiene erg\u00e4nzt werden, da sonst der hohe Mundhygienestandard kaum gehalten werden kann.<\/p>\n<p class=\"ckeditor_p\">Da ein langfristiger Behandlungserfolg nur gegeben ist, wenn die Entz\u00fcndung unter Kontrolle ist, erfolgt nach gr\u00fcndlicher, tiefer Reinigung nach drei Monaten eine Reevaluation. Der Behandlungserfolg wird dokumentiert, und ggf. wird der Patient erneut \u00fcber die richtige Mundhygiene aufgekl\u00e4rt. Besonders wichtig ist die folgende Erhaltungstherapie, die den langfristigen Behandlungserfolg sichert. Es werden regelm\u00e4ssig in individuell notwendigen Abst\u00e4nden die Zahnwurzeloberfl\u00e4chen professionell gereinigt, Zahnfleischtaschentiefen gemessen und der Therapieerfolg \u00fcberwacht.<\/p>\n<p class=\"ckeditor_p\">\n<ul>\n<li>\n<p class=\"ckeditor_p\">Prophylaxe und Dentalhygiene durch qualifiziertes Personal<\/p>\n<\/li>\n<li value=\"16\">\n<p class=\"ckeditor_p\">Verwendung von schonenden Ultraschall- und Pulverwasserstrahlinstrumenten (AirFlow\u00ae)<\/p>\n<\/li>\n<li value=\"16\">\n<p class=\"ckeditor_p\">Tiefenreinigung der Taschen durch \u201eScalingand Root Planning\u201c<\/p>\n<\/li>\n<li value=\"16\">\n<p class=\"ckeditor_p\">Genetische und bakteriologische Tests<\/p>\n<\/li>\n<li value=\"16\">\n<p class=\"ckeditor_p\">Ggf. gezielter Antibiotika-Einsatz zur \u201eFull-Mouth-Desinfection\u201c (Lokal oder systemisch)<\/p>\n<\/li>\n<li value=\"16\">\n<p class=\"ckeditor_p\">Individuell auf Sie abgestimmtes Parodontitisprophylaxe-Programm<\/p>\n<\/li>\n<li value=\"16\">\n<p class=\"ckeditor_p\">Bei Bedarf minimalinvasive korrektive chirurgische Therapie durch den Zahnarzt (<a href=\"\/de\/behandlungen\/zahnfleischbluten\/zahnersatz-und-zahnfleischersatz-bei-parodontose\">GBR-\/GTR-Technik mit Emdogain<\/a><a href=\"\/de\/behandlungen\/zahnfleischbluten\/zahnersatz-und-zahnfleischersatz-bei-parodontose\">\u00ae<\/a>) zur Knochen- und Weichgewebsregeneration<\/p>\n<\/li>\n<li value=\"16\">\n<p class=\"ckeditor_p\">Periimplantitisbehandlung<\/p>\n<\/li>\n<li value=\"16\">\n<p class=\"ckeditor_p\">Plastisch-chirurgische Behandlung von\u00a0<a href=\"\/de\/behandlungen\/zahnfleischbluten\/ursache-rezessionen\">Zahnfleischr\u00fcckgang<\/a><\/p>\n<\/li>\n<\/ul>\n<p class=\"ckeditor_p\">\n<p class=\"ckeditor_p\"><a href=\"\/de\/behandlungen\/zahnfleischbluten\/parodontose\/zahnreinigung-parodontose\">+ Warum ist die eigene gr\u00fcndliche Mundhygiene des Patienten f\u00fcr den langfristigen Erfolg der Parodontitisbehandlung so wichtig?<\/a><\/p>\n<p class=\"ckeditor_p\"><a href=\"\/de\/behandlungen\/zahnfleischbluten\/parodontose\">Zur\u00fcck<\/a><\/p>\n                <\/div>\n            <\/div>\n            <div class=\"col-md-6 col-12 \">\n                <img decoding=\"async\" src=\"https:\/\/smilepraxis.ch\/wp-content\/uploads\/2023\/12\/shutterstock_377075581web-e1701807185659.png\" width=\"100%\">\n            <\/div>\n        <\/div>\n    <\/div>\n<\/section>\n\n<section class=\"block-content-image-block\">\n    <div class=\"container\">\n        <div class=\"row\">\n            <div class=\"col-md-6 col-12  order-md-2\">\n                <div class=\"col-content px-3\">\n                    <h3><\/h3>\n                    <p class=\"ckeditor_p\"><a href=\"\/de\/behandlungen\/zahnfleischbluten\/zahnhalteapparat\">+\u00a0Was ist das Parodont?<\/a><\/p>\n<p class=\"ckeditor_p\"><a href=\"\/de\/behandlungen\/zahnfleischbluten\/zahnfleischentzuendung\">+\u00a0Was ist eine Gingivitis?<\/a><\/p>\n<p class=\"ckeditor_p\"><a href=\"\/de\/behandlungen\/zahnfleischbluten\/ursachen-parodontose\">+\u00a0Gr\u00fcnde f\u00fcr Parodontalerkrankungen<\/a><\/p>\n<p class=\"ckeditor_p\"><a href=\"\/de\/behandlungen\/zahnfleischbluten\/praevention-parodontose\">+\u00a0Wie kann ich als Patient einer Parodontalerkrankung vorbeugen?<\/a><\/p>\n<p class=\"ckeditor_p\"><a href=\"\/de\/behandlungen\/zahnfleischbluten\/folgen-parodontose\">+ Wie verl\u00e4uft eine unbehandelte Parodontitis?<\/a><\/p>\n<p class=\"ckeditor_p\"><a href=\"\/de\/behandlungen\/zahnfleischbluten\/parodontose-und-koerper\">+\u00a0Hat die Parodontitis einen Einfluss auf meine Allgemeingesundheit?<\/a><\/p>\n<p class=\"ckeditor_p\"><a href=\"\/de\/behandlungen\/zahnfleischbluten\/zahnersatz-und-zahnfleischersatz-bei-parodontose\">+\u00a0Ich habe (durch Parodontitis) Zahnfleisch und Z\u00e4hne verloren. Kann man die Defekte ausgleichen?<\/a><\/p>\n<p class=\"ckeditor_p\"><a href=\"\/de\/behandlungen\/zahnfleischbluten\/ursache-rezessionen\">+ Mein Zahnfleisch geht zur\u00fcck. Woran liegt das und was kann ich tun?<\/a><\/p>\n                <\/div>\n            <\/div>\n            <div class=\"col-md-6 col-12 order-md-1\">\n                <img decoding=\"async\" src=\"https:\/\/smilepraxis.ch\/wp-content\/uploads\/2023\/12\/aktion1-smilepraxis-silvangiger-1300x1280.jpeg\" width=\"100%\">\n            <\/div>\n        <\/div>\n    <\/div>\n<\/section>\n\n<section id=\"block_580d67cdb69332bebc88c51c9323f6fb\" class=\"block-news\">\n    <div class=\"container\">\n        <div class=\"row row-eq-height mt-4 position-relative\">\n                        <div class=\"col-md-4 col-12\">\n                <div class=\"news-container\">\n                    <div class=\"post-image\">\n                        <a href=\"https:\/\/smilepraxis.ch\/de\/ernaehrung-und-lifestyle-zahngesundheit\/\"><img loading=\"lazy\" decoding=\"async\" width=\"800\" height=\"800\" src=\"https:\/\/smilepraxis.ch\/wp-content\/uploads\/2026\/04\/6D9A7538-800x800.jpg\" class=\"attachment-square size-square wp-post-image\" alt=\"\" srcset=\"https:\/\/smilepraxis.ch\/wp-content\/uploads\/2026\/04\/6D9A7538-800x800.jpg 800w, https:\/\/smilepraxis.ch\/wp-content\/uploads\/2026\/04\/6D9A7538-150x150.jpg 150w, https:\/\/smilepraxis.ch\/wp-content\/uploads\/2026\/04\/6D9A7538-1300x1300.jpg 1300w, https:\/\/smilepraxis.ch\/wp-content\/uploads\/2026\/04\/6D9A7538-600x600.jpg 600w\" sizes=\"auto, (max-width: 800px) 100vw, 800px\" \/><\/a>\n                    <\/div>\n                    <div class=\"post-content\">\n                        <p class=\"post-meta\">April 14<\/p>\n                        <h3 class=\"title\"><a href=\"https:\/\/smilepraxis.ch\/de\/ernaehrung-und-lifestyle-zahngesundheit\/\">Ern\u00e4hrung, Lifestyle &amp; Mundgesundheit \u2013 Wie Ihr Alltag Ihr L\u00e4cheln beeinflusst<\/a><\/h3>\n                        <div class=\"excerpt\">\n                            <p><p>Genuss. Balance. Zahngesundheit. In der SmilePraxis betrachten wir Ihre Mundgesundheit ganzheitlich. Denn was Sie essen, trinken und wie Sie Ihren Alltag gestalten, hat direkten Einfluss auf Ihre Z\u00e4hne und Ihr Zahnfleisch. Mit bewussten Entscheidungen k\u00f6nnen Sie Karies, Erosionen und Entz\u00fcndungen effektiv vorbeugen \u2013 und Ihr L\u00e4cheln langfristig gesund halten. Ihr Zahnarzt Team von SmilePraxis ber\u00e4t [&hellip;]<\/p>\n<\/p>\n                        <\/div>\n                        <a href=\"https:\/\/smilepraxis.ch\/de\/ernaehrung-und-lifestyle-zahngesundheit\/\" class=\"btn-read-more\"><\/a>\n                    <\/div>\n                <\/div>\n            <\/div>\n                        <div class=\"col-md-4 col-12\">\n                <div class=\"news-container\">\n                    <div class=\"post-image\">\n                        <a href=\"https:\/\/smilepraxis.ch\/de\/zahnpflege-lebensphasen\/\"><img loading=\"lazy\" decoding=\"async\" width=\"800\" height=\"800\" src=\"https:\/\/smilepraxis.ch\/wp-content\/uploads\/2026\/03\/6D1A9920-800x800.jpg\" class=\"attachment-square size-square wp-post-image\" alt=\"\" srcset=\"https:\/\/smilepraxis.ch\/wp-content\/uploads\/2026\/03\/6D1A9920-800x800.jpg 800w, https:\/\/smilepraxis.ch\/wp-content\/uploads\/2026\/03\/6D1A9920-150x150.jpg 150w, https:\/\/smilepraxis.ch\/wp-content\/uploads\/2026\/03\/6D1A9920-1300x1300.jpg 1300w, https:\/\/smilepraxis.ch\/wp-content\/uploads\/2026\/03\/6D1A9920-600x600.jpg 600w\" sizes=\"auto, (max-width: 800px) 100vw, 800px\" \/><\/a>\n                    <\/div>\n                    <div class=\"post-content\">\n                        <p class=\"post-meta\">M\u00e4rz 13<\/p>\n                        <h3 class=\"title\"><a href=\"https:\/\/smilepraxis.ch\/de\/zahnpflege-lebensphasen\/\">Zahnpflege in jeder Lebensphase \u2013 Individuelle Bed\u00fcrfnisse, ein gesundes L\u00e4cheln<\/a><\/h3>\n                        <div class=\"excerpt\">\n                            <p><p>Kindheit. Schwangerschaft. Alter. Jede Lebensphase stellt unterschiedliche Anforderungen an die Mundgesundheit. In der SmilePraxis begleiten wir Sie und Ihre Familie mit gezielten Vorsorgemassnahmen, moderner Diagnostik und individuellen Pflegetipps \u2013 an unseren Standorten beim Zahnarzt in Chur und Zahnarzt in Malans. Warum variiert die Zahnpflege im Laufe des Lebens? Mundgesundheit ver\u00e4ndert sich mit dem K\u00f6rper: vom [&hellip;]<\/p>\n<\/p>\n                        <\/div>\n                        <a href=\"https:\/\/smilepraxis.ch\/de\/zahnpflege-lebensphasen\/\" class=\"btn-read-more\"><\/a>\n                    <\/div>\n                <\/div>\n            <\/div>\n                        <div class=\"col-md-4 col-12\">\n                <div class=\"news-container\">\n                    <div class=\"post-image\">\n                        <a href=\"https:\/\/smilepraxis.ch\/de\/mundgesundheit-allgemeingesundheit-wie-ihr-laecheln-ihren-koerper-schuetzt\/\"><img loading=\"lazy\" decoding=\"async\" width=\"800\" height=\"800\" src=\"https:\/\/smilepraxis.ch\/wp-content\/uploads\/2026\/03\/6D1A0082-800x800.jpg\" class=\"attachment-square size-square wp-post-image\" alt=\"\" srcset=\"https:\/\/smilepraxis.ch\/wp-content\/uploads\/2026\/03\/6D1A0082-800x800.jpg 800w, https:\/\/smilepraxis.ch\/wp-content\/uploads\/2026\/03\/6D1A0082-150x150.jpg 150w, https:\/\/smilepraxis.ch\/wp-content\/uploads\/2026\/03\/6D1A0082-1300x1300.jpg 1300w, https:\/\/smilepraxis.ch\/wp-content\/uploads\/2026\/03\/6D1A0082-600x600.jpg 600w\" sizes=\"auto, (max-width: 800px) 100vw, 800px\" \/><\/a>\n                    <\/div>\n                    <div class=\"post-content\">\n                        <p class=\"post-meta\">M\u00e4rz 12<\/p>\n                        <h3 class=\"title\"><a href=\"https:\/\/smilepraxis.ch\/de\/mundgesundheit-allgemeingesundheit-wie-ihr-laecheln-ihren-koerper-schuetzt\/\">Mundgesundheit &amp; Allgemeingesundheit \u2013 Wie Ihr L\u00e4cheln Ihren K\u00f6rper sch\u00fctzt<\/a><\/h3>\n                        <div class=\"excerpt\">\n                            <p><p>Gesund. Ganzheitlich. Lebenswichtig. In der SmilePraxis betrachten wir Ihre Gesundheit immer im Ganzen. Denn gesunde Z\u00e4hne und ein gesundes Zahnfleisch beeinflussen weit mehr als nur Ihr L\u00e4cheln. Zahlreiche wissenschaftliche Erkenntnisse zeigen: Eine gute Mundgesundheit wirkt sich positiv auf Herz, Stoffwechsel, Immunsystem und Ihr allgemeines Wohlbefinden aus. Wenn Sie sich pers\u00f6nlich beraten lassen m\u00f6chten, sind wir [&hellip;]<\/p>\n<\/p>\n                        <\/div>\n                        <a href=\"https:\/\/smilepraxis.ch\/de\/mundgesundheit-allgemeingesundheit-wie-ihr-laecheln-ihren-koerper-schuetzt\/\" class=\"btn-read-more\"><\/a>\n                    <\/div>\n                <\/div>\n            <\/div>\n                                <\/div>\n    <\/div>\n<\/section>\n\n\n<section class=\"block-two-col-box\">\n    <div class=\"container-fluid g-0\">\n        <div class=\"row row-eq-height g-0\">\n                        <div class=\"col-md-6 col-12\">\n                <a class=\"col-content\" href=\"\/de\/standorte\/zahnarzt-chur\/\">\n                    <p class=\"subtitle\">CHUR UND REGION<\/p>                    <h2>Zahnarzt Chur<\/h2>\n                    <img decoding=\"async\" src=\"https:\/\/smilepraxis.ch\/wp-content\/uploads\/2023\/11\/Rectangle-6.jpg\">\n                <\/a>\n            <\/div>\n                        <div class=\"col-md-6 col-12\">\n                <a class=\"col-content\" href=\"\/de\/standorte\/zahnarzt-malans\/\">\n                    <p class=\"subtitle\">MALANS \/ LANDQUART<\/p>                    <h2>Zahnarzt Malans<\/h2>\n                    <img decoding=\"async\" src=\"https:\/\/smilepraxis.ch\/wp-content\/uploads\/2023\/11\/Rectangle-7.jpg\">\n                <\/a>\n            <\/div>\n                    <\/div>\n    <\/div>\n<\/section>\n\n<section class=\"block-cta-block\">\n    <div class=\"container position-relative\">\n        <div class=\"row row-eq-height\">\n            <div class=\"col-md-8 col-12 my-auto\">\n                <h2>Reservieren Sie sich Ihren pers\u00f6nlichen Zahnarzttermin<\/h2>\n                                                <div class=\"mt-5\">                                    <a class=\"btn btn-yellow\" href=\"https:\/\/smilepraxis.ch\/de\/kontakt\/\">TERMIN VEREINBAREN<\/a>\n                                    <a class=\"btn btn-lightyellow\" href=\"https:\/\/smilepraxis.ch\/de\/onlinebuchung\/\">ZUR ONLINEBUCHUNG<\/a>\n                                <\/div>                            <\/div>\n            <div class=\"col-md-4 col-12\">\n                                <img decoding=\"async\" src=\"\" width=\"100%\">\n            <\/div>\n        <\/div>\n    <\/div>\n<\/section>\n\n\n<section class=\"block-three-col-text\">\n    <div class=\"container\">\n        <div class=\"row\">\n            <div class=\"col-12\">\n                <h2>Sichere und freundliche Zahnmedizin<\/h2>\n            <\/div>\n        <\/div>\n        <div class=\"row row-eq-height\">\n                        <div class=\"col-md-4 col-12\">\n                <div class=\"col-content\">\n                    <h3>Zahnarztpraxis 2.0<\/h3>\n                    <p>SmilePraxis bietet das gesamte Spektrum der Zahnmedizin an. Egal ob Sie einen Zahnunfall hatten, eine Zahnspange, Implantate, Zahnkontrolle und Dentalhygiene w\u00fcnschen, wir sind f\u00fcr Sie da. Unter der Woche haben wir f\u00fcr Sie durchgehend von 07:00 bis 20:00 ge\u00f6ffnet, samstags sind unsere Praxen in Chur und Malans von 9:00 bis 16:00 offen. Bei uns k\u00f6nnen Sie die modernste Zahnmedizin und modernsten Techniken erwarten. Willkommen in unseren sch\u00f6nen Praxen und lassen Sie sich von unserem Team umsorgen.<\/p>\n                    <a href=\"\/de\/behandlungen\/\" class=\"btn btn-blue\">MEHR LESEN<\/a>\n                <\/div>\n            <\/div>\n                        <div class=\"col-md-4 col-12\">\n                <div class=\"col-content\">\n                    <h3>Bis <span style=\"text-decoration: line-through\">bald<\/span> wieder<\/h3>\n                    <p>Obwohl wir Sie gerne treffen, ist es unser Ziel, dass es nicht allzu oft vorkommt. Unsere Arbeitsweise ist pr\u00e4ventiv und langfristig angelegt, um das Risiko von Komplikationen und ungewollten R\u00fcckbesuchen zu minimieren. Deshalb legen wir grossen Wert auf Qualit\u00e4t und versprechen, bei der zahnmedizinischen Kompetenz und Behandlung keine Kompromisse einzugehen. Um gr\u00f6ssere Probleme zu vermeiden empfehlen wir regelm\u00e4ssige (j\u00e4hrliche) Zahnkontrollen und prophylaktische Dentalhygiene<\/p>\n                    <a href=\"\/de\/behandlungen\/\" class=\"btn btn-blue\">MEHR LESEN<\/a>\n                <\/div>\n            <\/div>\n                        <div class=\"col-md-4 col-12\">\n                <div class=\"col-content\">\n                    <h3>Angst vor dem Zahnarzt?<\/h3>\n                    <p>Unwohlsein vor dem Zahnarzttermin kommt h\u00e4ufig vor und ist kein Grund, sich zu sch\u00e4men. Im Gegenteil, teilen Sie uns dies bitte bei der Buchung mit \u2013 und wir werden den Besuch entsprechend f\u00fcr Sie anpassen. Wenn n\u00f6tig, bieten wir auch Lachgas oder Vollnarkose an. Unsere Zahn\u00e4rzte haben alle Erfahrung im Umgang mit Patienten mit Zahnarztangst.<\/p>\n                    <a href=\"\/de\/behandlungen\/zahnarztangst\/\" class=\"btn btn-blue\">MEHR LESEN<\/a>\n                <\/div>\n            <\/div>\n                    <\/div>\n    <\/div>\n<\/section>\n","protected":false},"excerpt":{"rendered":"","protected":false},"author":3,"featured_media":0,"parent":493,"menu_order":0,"comment_status":"closed","ping_status":"closed","template":"","meta":{"_acf_changed":false,"footnotes":""},"class_list":["post-807","page","type-page","status-publish","hentry"],"acf":[],"yoast_head":"<!-- This site is optimized with the Yoast SEO plugin v26.1.1 - https:\/\/yoast.com\/wordpress\/plugins\/seo\/ -->\n<title>Parodontose Therapie - SmilePraxis<\/title>\n<meta name=\"robots\" content=\"index, follow, max-snippet:-1, max-image-preview:large, max-video-preview:-1\" \/>\n<link rel=\"canonical\" href=\"https:\/\/smilepraxis.ch\/de\/behandlungen\/zahnfleischbluten\/parodontose\/parodontose-therapie\/\" \/>\n<meta property=\"og:locale\" content=\"de_DE\" \/>\n<meta property=\"og:type\" content=\"article\" \/>\n<meta property=\"og:title\" content=\"Parodontose Therapie - SmilePraxis\" \/>\n<meta property=\"og:url\" content=\"https:\/\/smilepraxis.ch\/de\/behandlungen\/zahnfleischbluten\/parodontose\/parodontose-therapie\/\" \/>\n<meta property=\"og:site_name\" content=\"SmilePraxis\" \/>\n<meta property=\"article:publisher\" content=\"https:\/\/www.facebook.com\/smilepraxis\" \/>\n<meta property=\"article:modified_time\" content=\"2024-03-23T20:15:31+00:00\" \/>\n<meta name=\"twitter:card\" content=\"summary_large_image\" \/>\n<script type=\"application\/ld+json\" class=\"yoast-schema-graph\">{\"@context\":\"https:\/\/schema.org\",\"@graph\":[{\"@type\":\"WebPage\",\"@id\":\"https:\/\/smilepraxis.ch\/de\/behandlungen\/zahnfleischbluten\/parodontose\/parodontose-therapie\/\",\"url\":\"https:\/\/smilepraxis.ch\/de\/behandlungen\/zahnfleischbluten\/parodontose\/parodontose-therapie\/\",\"name\":\"Parodontose Therapie - SmilePraxis\",\"isPartOf\":{\"@id\":\"https:\/\/smilepraxis.ch\/de\/#website\"},\"datePublished\":\"2024-01-07T10:47:55+00:00\",\"dateModified\":\"2024-03-23T20:15:31+00:00\",\"breadcrumb\":{\"@id\":\"https:\/\/smilepraxis.ch\/de\/behandlungen\/zahnfleischbluten\/parodontose\/parodontose-therapie\/#breadcrumb\"},\"inLanguage\":\"de-CH\",\"potentialAction\":[{\"@type\":\"ReadAction\",\"target\":[\"https:\/\/smilepraxis.ch\/de\/behandlungen\/zahnfleischbluten\/parodontose\/parodontose-therapie\/\"]}]},{\"@type\":\"BreadcrumbList\",\"@id\":\"https:\/\/smilepraxis.ch\/de\/behandlungen\/zahnfleischbluten\/parodontose\/parodontose-therapie\/#breadcrumb\",\"itemListElement\":[{\"@type\":\"ListItem\",\"position\":1,\"name\":\"Home\",\"item\":\"https:\/\/smilepraxis.ch\/de\/\"},{\"@type\":\"ListItem\",\"position\":2,\"name\":\"Behandlungen\",\"item\":\"https:\/\/smilepraxis.ch\/de\/behandlungen\/\"},{\"@type\":\"ListItem\",\"position\":3,\"name\":\"Parodontitisbehandlung\",\"item\":\"https:\/\/smilepraxis.ch\/de\/behandlungen\/zahnfleischbluten\/\"},{\"@type\":\"ListItem\",\"position\":4,\"name\":\"Parodontose\",\"item\":\"https:\/\/smilepraxis.ch\/de\/behandlungen\/zahnfleischbluten\/parodontose\/\"},{\"@type\":\"ListItem\",\"position\":5,\"name\":\"Parodontose Therapie\"}]},{\"@type\":\"WebSite\",\"@id\":\"https:\/\/smilepraxis.ch\/de\/#website\",\"url\":\"https:\/\/smilepraxis.ch\/de\/\",\"name\":\"SmilePraxis\",\"description\":\"\",\"publisher\":{\"@id\":\"https:\/\/smilepraxis.ch\/de\/#organization\"},\"potentialAction\":[{\"@type\":\"SearchAction\",\"target\":{\"@type\":\"EntryPoint\",\"urlTemplate\":\"https:\/\/smilepraxis.ch\/de\/?s={search_term_string}\"},\"query-input\":{\"@type\":\"PropertyValueSpecification\",\"valueRequired\":true,\"valueName\":\"search_term_string\"}}],\"inLanguage\":\"de-CH\"},{\"@type\":\"Organization\",\"@id\":\"https:\/\/smilepraxis.ch\/de\/#organization\",\"name\":\"SmilePraxis\",\"url\":\"https:\/\/smilepraxis.ch\/de\/\",\"logo\":{\"@type\":\"ImageObject\",\"inLanguage\":\"de-CH\",\"@id\":\"https:\/\/smilepraxis.ch\/de\/#\/schema\/logo\/image\/\",\"url\":\"https:\/\/smilepraxis.wpenginepowered.com\/wp-content\/uploads\/2023\/12\/smilepraxis-logo.png\",\"contentUrl\":\"https:\/\/smilepraxis.wpenginepowered.com\/wp-content\/uploads\/2023\/12\/smilepraxis-logo.png\",\"width\":1544,\"height\":346,\"caption\":\"SmilePraxis\"},\"image\":{\"@id\":\"https:\/\/smilepraxis.ch\/de\/#\/schema\/logo\/image\/\"},\"sameAs\":[\"https:\/\/www.facebook.com\/smilepraxis\"]}]}<\/script>\n<!-- \/ Yoast SEO plugin. -->","yoast_head_json":{"title":"Parodontose Therapie - SmilePraxis","robots":{"index":"index","follow":"follow","max-snippet":"max-snippet:-1","max-image-preview":"max-image-preview:large","max-video-preview":"max-video-preview:-1"},"canonical":"https:\/\/smilepraxis.ch\/de\/behandlungen\/zahnfleischbluten\/parodontose\/parodontose-therapie\/","og_locale":"de_DE","og_type":"article","og_title":"Parodontose Therapie - SmilePraxis","og_url":"https:\/\/smilepraxis.ch\/de\/behandlungen\/zahnfleischbluten\/parodontose\/parodontose-therapie\/","og_site_name":"SmilePraxis","article_publisher":"https:\/\/www.facebook.com\/smilepraxis","article_modified_time":"2024-03-23T20:15:31+00:00","twitter_card":"summary_large_image","schema":{"@context":"https:\/\/schema.org","@graph":[{"@type":"WebPage","@id":"https:\/\/smilepraxis.ch\/de\/behandlungen\/zahnfleischbluten\/parodontose\/parodontose-therapie\/","url":"https:\/\/smilepraxis.ch\/de\/behandlungen\/zahnfleischbluten\/parodontose\/parodontose-therapie\/","name":"Parodontose Therapie - SmilePraxis","isPartOf":{"@id":"https:\/\/smilepraxis.ch\/de\/#website"},"datePublished":"2024-01-07T10:47:55+00:00","dateModified":"2024-03-23T20:15:31+00:00","breadcrumb":{"@id":"https:\/\/smilepraxis.ch\/de\/behandlungen\/zahnfleischbluten\/parodontose\/parodontose-therapie\/#breadcrumb"},"inLanguage":"de-CH","potentialAction":[{"@type":"ReadAction","target":["https:\/\/smilepraxis.ch\/de\/behandlungen\/zahnfleischbluten\/parodontose\/parodontose-therapie\/"]}]},{"@type":"BreadcrumbList","@id":"https:\/\/smilepraxis.ch\/de\/behandlungen\/zahnfleischbluten\/parodontose\/parodontose-therapie\/#breadcrumb","itemListElement":[{"@type":"ListItem","position":1,"name":"Home","item":"https:\/\/smilepraxis.ch\/de\/"},{"@type":"ListItem","position":2,"name":"Behandlungen","item":"https:\/\/smilepraxis.ch\/de\/behandlungen\/"},{"@type":"ListItem","position":3,"name":"Parodontitisbehandlung","item":"https:\/\/smilepraxis.ch\/de\/behandlungen\/zahnfleischbluten\/"},{"@type":"ListItem","position":4,"name":"Parodontose","item":"https:\/\/smilepraxis.ch\/de\/behandlungen\/zahnfleischbluten\/parodontose\/"},{"@type":"ListItem","position":5,"name":"Parodontose Therapie"}]},{"@type":"WebSite","@id":"https:\/\/smilepraxis.ch\/de\/#website","url":"https:\/\/smilepraxis.ch\/de\/","name":"SmilePraxis","description":"","publisher":{"@id":"https:\/\/smilepraxis.ch\/de\/#organization"},"potentialAction":[{"@type":"SearchAction","target":{"@type":"EntryPoint","urlTemplate":"https:\/\/smilepraxis.ch\/de\/?s={search_term_string}"},"query-input":{"@type":"PropertyValueSpecification","valueRequired":true,"valueName":"search_term_string"}}],"inLanguage":"de-CH"},{"@type":"Organization","@id":"https:\/\/smilepraxis.ch\/de\/#organization","name":"SmilePraxis","url":"https:\/\/smilepraxis.ch\/de\/","logo":{"@type":"ImageObject","inLanguage":"de-CH","@id":"https:\/\/smilepraxis.ch\/de\/#\/schema\/logo\/image\/","url":"https:\/\/smilepraxis.wpenginepowered.com\/wp-content\/uploads\/2023\/12\/smilepraxis-logo.png","contentUrl":"https:\/\/smilepraxis.wpenginepowered.com\/wp-content\/uploads\/2023\/12\/smilepraxis-logo.png","width":1544,"height":346,"caption":"SmilePraxis"},"image":{"@id":"https:\/\/smilepraxis.ch\/de\/#\/schema\/logo\/image\/"},"sameAs":["https:\/\/www.facebook.com\/smilepraxis"]}]}},"featured_image_src":null,"featured_image_src_square":null,"_links":{"self":[{"href":"https:\/\/smilepraxis.ch\/de\/wp-json\/wp\/v2\/pages\/807","targetHints":{"allow":["GET"]}}],"collection":[{"href":"https:\/\/smilepraxis.ch\/de\/wp-json\/wp\/v2\/pages"}],"about":[{"href":"https:\/\/smilepraxis.ch\/de\/wp-json\/wp\/v2\/types\/page"}],"author":[{"embeddable":true,"href":"https:\/\/smilepraxis.ch\/de\/wp-json\/wp\/v2\/users\/3"}],"replies":[{"embeddable":true,"href":"https:\/\/smilepraxis.ch\/de\/wp-json\/wp\/v2\/comments?post=807"}],"version-history":[{"count":0,"href":"https:\/\/smilepraxis.ch\/de\/wp-json\/wp\/v2\/pages\/807\/revisions"}],"up":[{"embeddable":true,"href":"https:\/\/smilepraxis.ch\/de\/wp-json\/wp\/v2\/pages\/493"}],"wp:attachment":[{"href":"https:\/\/smilepraxis.ch\/de\/wp-json\/wp\/v2\/media?parent=807"}],"curies":[{"name":"wp","href":"https:\/\/api.w.org\/{rel}","templated":true}]}}